{"id":53,"date":"2011-02-03T19:27:08","date_gmt":"2011-02-03T17:27:08","guid":{"rendered":"https:\/\/www.galaxyhotel.com.gr\/"},"modified":"2011-03-01T15:46:18","modified_gmt":"2011-03-01T13:46:18","slug":"carnival-of-patras","status":"publish","type":"page","link":"https:\/\/www.galaxyhotel.com.gr\/de\/patra\/carnival-of-patras\/","title":{"rendered":"Der Karneval von Patras Unterkunft in Patras"},"content":{"rendered":"<p><\/p>\n<h1>Karneval von Patras<\/h1>\n<p>Dank einer jahrzehntelangen Geschichte ist der Karneval von Patras nicht nur ein Fest, sondern ein Wahrzeichen der Kultur von Patras, welches die Stadt in einen Ort unb\u00e4ndiger Freude, Fantasie, Kreation, Fr\u00f6hlichkeit und Spa\u00df verwandelt. Er wird speziell als einer der besten Karnevale Europas beworben und anerkannt und jedes Jahr organisiert. Dabei verzaubert er nicht nur die Teilnehmer, sondern auch alle, die zuschauen.<\/p>\n<p>Dank der langen Tradition, der Erfahrung der Organisatoren und der lebhaften Vorstellungskraft der Teilnehmer ist das Schauspiel jedes Jahr einzigartig und fasziniert Einheimische und Besucher zugleich.<\/p>\n<p>Fast einen Monat lang leben alle Menschen im Rhythmus des Karnevals. Die ber\u00fchmte Bourboulia, der verborgene Schatz, der Kinderkarneval, die gro\u00dfen Paraden und auch die Partys, die t\u00e4glich \u00fcberall in der Stadt gefeiert werden, sowie die offiziellen Maskenb\u00e4lle machen Patras zu einer Stadt, die niemals schl\u00e4ft. Und wenn die Feier vorbei ist, machen die Abschlusszeremonie und das Verbrennen einer Puppe des Karnevalk\u00f6nigs mit Tausenden von Raketen die Nacht zum Tag und jeder ist bereit, den n\u00e4chsten Karneval willkommen zu hei\u00dfen.<\/p>\n<p>\u2022 Die offizielle Seite f\u00fcr den Karneval von Patras ist <a href=\"http:\/\/www.carnivalpatras.gr\/\" target=\"_blank\">www.carnivalpatras.gr<\/a><\/p>\n<p><span class=\"main-title-inner\">Fotos<\/span><br \/>\n<!-- default-view.php -->\n<div\n\tclass=\"ngg-galleryoverview default-view  ngg-ajax-pagination-none\"\n\tid=\"ngg-gallery-30b2e86eaf60498247fb55f5df8d1649-1\">\n\n\t\t<!-- Thumbnails -->\n\t\t\t\t<div id=\"ngg-image-0\" class=\"ngg-gallery-thumbnail-box \" >\n\t\t\t\t        <div class=\"ngg-gallery-thumbnail\">\n            <a href=\"https:\/\/www.galaxyhotel.com.gr\/wp-content\/gallery\/carnival-patra\/0.jpg\"\n               title=\"\"\n               data-src=\"https:\/\/www.galaxyhotel.com.gr\/wp-content\/gallery\/carnival-patra\/0.jpg\"\n               data-thumbnail=\"https:\/\/www.galaxyhotel.com.gr\/wp-content\/gallery\/carnival-patra\/thumbs\/thumbs_0.jpg\"\n               data-image-id=\"73\"\n               data-title=\"Carnival\"\n               data-description=\"\"\n               data-image-slug=\"carnival\"\n               class=\"ngg-simplelightbox\" rel=\"30b2e86eaf60498247fb55f5df8d1649\">\n                <img\n                    title=\"Carnival\"\n                    alt=\"Carnival\"\n                    src=\"https:\/\/www.galaxyhotel.com.gr\/wp-content\/gallery\/carnival-patra\/thumbs\/thumbs_0.jpg\"\n                    width=\"130\"\n                    height=\"69\"\n                    style=\"max-width:100%;\"\n                \/>\n            <\/a>\n        <\/div>\n\t\t\t\t\t\t\t<\/div> \n\t\t\t\n\t\t\t\t<div id=\"ngg-image-1\" class=\"ngg-gallery-thumbnail-box \" >\n\t\t\t\t        <div class=\"ngg-gallery-thumbnail\">\n            <a href=\"https:\/\/www.galaxyhotel.com.gr\/wp-content\/gallery\/carnival-patra\/1.jpg\"\n               title=\"\"\n               data-src=\"https:\/\/www.galaxyhotel.com.gr\/wp-content\/gallery\/carnival-patra\/1.jpg\"\n               data-thumbnail=\"https:\/\/www.galaxyhotel.com.gr\/wp-content\/gallery\/carnival-patra\/thumbs\/thumbs_1.jpg\"\n               data-image-id=\"74\"\n               data-title=\"Carnival\"\n               data-description=\"\"\n               data-image-slug=\"carnival-2\"\n               class=\"ngg-simplelightbox\" rel=\"30b2e86eaf60498247fb55f5df8d1649\">\n                <img\n                    title=\"Carnival\"\n                    alt=\"Carnival\"\n                    src=\"https:\/\/www.galaxyhotel.com.gr\/wp-content\/gallery\/carnival-patra\/thumbs\/thumbs_1.jpg\"\n                    width=\"130\"\n                    height=\"69\"\n                    style=\"max-width:100%;\"\n                \/>\n            <\/a>\n        <\/div>\n\t\t\t\t\t\t\t<\/div> \n\t\t\t\n\t\t\t\t<div id=\"ngg-image-2\" class=\"ngg-gallery-thumbnail-box \" >\n\t\t\t\t        <div class=\"ngg-gallery-thumbnail\">\n            <a href=\"https:\/\/www.galaxyhotel.com.gr\/wp-content\/gallery\/carnival-patra\/2.jpg\"\n               title=\"\"\n               data-src=\"https:\/\/www.galaxyhotel.com.gr\/wp-content\/gallery\/carnival-patra\/2.jpg\"\n               data-thumbnail=\"https:\/\/www.galaxyhotel.com.gr\/wp-content\/gallery\/carnival-patra\/thumbs\/thumbs_2.jpg\"\n               data-image-id=\"75\"\n               data-title=\"Carnival\"\n               data-description=\"\"\n               data-image-slug=\"carnival-3\"\n               class=\"ngg-simplelightbox\" rel=\"30b2e86eaf60498247fb55f5df8d1649\">\n                <img\n                    title=\"Carnival\"\n                    alt=\"Carnival\"\n                    src=\"https:\/\/www.galaxyhotel.com.gr\/wp-content\/gallery\/carnival-patra\/thumbs\/thumbs_2.jpg\"\n                    width=\"130\"\n                    height=\"69\"\n                    style=\"max-width:100%;\"\n                \/>\n            <\/a>\n        <\/div>\n\t\t\t\t\t\t\t<\/div> \n\t\t\t\n\t\t\t\t<div id=\"ngg-image-3\" class=\"ngg-gallery-thumbnail-box \" >\n\t\t\t\t        <div class=\"ngg-gallery-thumbnail\">\n            <a href=\"https:\/\/www.galaxyhotel.com.gr\/wp-content\/gallery\/carnival-patra\/3.jpg\"\n               title=\"\"\n               data-src=\"https:\/\/www.galaxyhotel.com.gr\/wp-content\/gallery\/carnival-patra\/3.jpg\"\n               data-thumbnail=\"https:\/\/www.galaxyhotel.com.gr\/wp-content\/gallery\/carnival-patra\/thumbs\/thumbs_3.jpg\"\n               data-image-id=\"76\"\n               data-title=\"Carnival\"\n               data-description=\"\"\n               data-image-slug=\"carnival-4\"\n               class=\"ngg-simplelightbox\" rel=\"30b2e86eaf60498247fb55f5df8d1649\">\n                <img\n                    title=\"Carnival\"\n                    alt=\"Carnival\"\n                    src=\"https:\/\/www.galaxyhotel.com.gr\/wp-content\/gallery\/carnival-patra\/thumbs\/thumbs_3.jpg\"\n                    width=\"130\"\n                    height=\"69\"\n                    style=\"max-width:100%;\"\n                \/>\n            <\/a>\n        <\/div>\n\t\t\t\t\t\t\t<\/div> \n\t\t\t\n\t\t\t\t<div id=\"ngg-image-4\" class=\"ngg-gallery-thumbnail-box \" >\n\t\t\t\t        <div class=\"ngg-gallery-thumbnail\">\n            <a href=\"https:\/\/www.galaxyhotel.com.gr\/wp-content\/gallery\/carnival-patra\/4.jpg\"\n               title=\"\"\n               data-src=\"https:\/\/www.galaxyhotel.com.gr\/wp-content\/gallery\/carnival-patra\/4.jpg\"\n               data-thumbnail=\"https:\/\/www.galaxyhotel.com.gr\/wp-content\/gallery\/carnival-patra\/thumbs\/thumbs_4.jpg\"\n               data-image-id=\"77\"\n               data-title=\"Carnival\"\n               data-description=\"\"\n               data-image-slug=\"carnival-5\"\n               class=\"ngg-simplelightbox\" rel=\"30b2e86eaf60498247fb55f5df8d1649\">\n                <img\n                    title=\"Carnival\"\n                    alt=\"Carnival\"\n                    src=\"https:\/\/www.galaxyhotel.com.gr\/wp-content\/gallery\/carnival-patra\/thumbs\/thumbs_4.jpg\"\n                    width=\"130\"\n                    height=\"69\"\n                    style=\"max-width:100%;\"\n                \/>\n            <\/a>\n        <\/div>\n\t\t\t\t\t\t\t<\/div> \n\t\t\t\n\t\t\t\t<div id=\"ngg-image-5\" class=\"ngg-gallery-thumbnail-box \" >\n\t\t\t\t        <div class=\"ngg-gallery-thumbnail\">\n            <a href=\"https:\/\/www.galaxyhotel.com.gr\/wp-content\/gallery\/carnival-patra\/5.jpg\"\n               title=\"\"\n               data-src=\"https:\/\/www.galaxyhotel.com.gr\/wp-content\/gallery\/carnival-patra\/5.jpg\"\n               data-thumbnail=\"https:\/\/www.galaxyhotel.com.gr\/wp-content\/gallery\/carnival-patra\/thumbs\/thumbs_5.jpg\"\n               data-image-id=\"78\"\n               data-title=\"Carnival\"\n               data-description=\"\"\n               data-image-slug=\"carnival-6\"\n               class=\"ngg-simplelightbox\" rel=\"30b2e86eaf60498247fb55f5df8d1649\">\n                <img\n                    title=\"Carnival\"\n                    alt=\"Carnival\"\n                    src=\"https:\/\/www.galaxyhotel.com.gr\/wp-content\/gallery\/carnival-patra\/thumbs\/thumbs_5.jpg\"\n                    width=\"130\"\n                    height=\"69\"\n                    style=\"max-width:100%;\"\n                \/>\n            <\/a>\n        <\/div>\n\t\t\t\t\t\t\t<\/div> \n\t\t\t\n\t\n\t<br style=\"clear: both\" \/>\n\n\t\n\t\t<!-- Pagination -->\n\t<div class='ngg-clear'><\/div>\t<\/div>\n<\/p>","protected":false},"excerpt":{"rendered":"<p>Karneval von Patras Dank einer jahrzehntelangen Geschichte ist der Karneval von Patras nicht nur ein Fest, sondern ein Wahrzeichen der Kultur von Patras, welches die Stadt in einen Ort unb\u00e4ndiger Freude, Fantasie, Kreation, Fr\u00f6hlichkeit und Spa\u00df verwandelt. Er wird speziell als einer der besten Karnevale Europas beworben und anerkannt und jedes Jahr organisiert. Dabei verzaubert [&hellip;]<\/p>\n","protected":false},"author":1,"featured_media":0,"parent":8,"menu_order":0,"comment_status":"open","ping_status":"open","template":"","meta":{"ngg_post_thumbnail":0},"aioseo_notices":[],"_links":{"self":[{"href":"https:\/\/www.galaxyhotel.com.gr\/de\/wp-json\/wp\/v2\/pages\/53"}],"collection":[{"href":"https:\/\/www.galaxyhotel.com.gr\/de\/wp-json\/wp\/v2\/pages"}],"about":[{"href":"https:\/\/www.galaxyhotel.com.gr\/de\/wp-json\/wp\/v2\/types\/page"}],"author":[{"embeddable":true,"href":"https:\/\/www.galaxyhotel.com.gr\/de\/wp-json\/wp\/v2\/users\/1"}],"replies":[{"embeddable":true,"href":"https:\/\/www.galaxyhotel.com.gr\/de\/wp-json\/wp\/v2\/comments?post=53"}],"version-history":[{"count":0,"href":"https:\/\/www.galaxyhotel.com.gr\/de\/wp-json\/wp\/v2\/pages\/53\/revisions"}],"up":[{"embeddable":true,"href":"https:\/\/www.galaxyhotel.com.gr\/de\/wp-json\/wp\/v2\/pages\/8"}],"wp:attachment":[{"href":"https:\/\/www.galaxyhotel.com.gr\/de\/wp-json\/wp\/v2\/media?parent=53"}],"curies":[{"name":"wp","href":"https:\/\/api.w.org\/{rel}","templated":true}]}}