{"id":52,"date":"2011-02-03T19:25:46","date_gmt":"2011-02-03T17:25:46","guid":{"rendered":"https:\/\/www.galaxyhotel.com.gr\/"},"modified":"2011-03-01T15:42:05","modified_gmt":"2011-03-01T13:42:05","slug":"city-of-patra","status":"publish","type":"page","link":"https:\/\/www.galaxyhotel.com.gr\/de\/patra\/city-of-patra\/","title":{"rendered":"Die Stadt Patras Hotel Patras"},"content":{"rendered":"<p><\/p>\n<h1>Patras, eine magische Stadt&#8230;<\/h1>\n<p>Patras, die drittgr\u00f6\u00dfte Stadt Griechenlands mit einer Bev\u00f6lkerung von \u00fcber 200.000 Menschen, ist die Hauptstadt von Achaia und das Metropolen-Zentrum von Westgriechenland. Es ist eine beeindruckende K\u00fcstenstadt mit einer Geschichte, die endlose Jahrhunderte umfasst, freundlichen Einwohnern, einer erstaunlichen Natur, reichhaltigen, kulturellen Tradition, die die Besucher zum Teilhaben einl\u00e4dt, und dazu, sie zu entdecken und immer wieder zur\u00fcck zu kehren. Ein Spaziergang am Hafen, der einzigartige Sonnenuntergang, die wundersch\u00f6nen Str\u00e4nde in k\u00fcrzester Entfernung von der Stadt, die Lebhaftigkeit bis zum Morgen, sind nur einige der Gr\u00fcnde, aus dem Sie jeden Ort in der Stadt besuchen und sich dort letztlich ganz wie zu Hause f\u00fchlen sollten.<\/p>\n<p>In einer Stadt, die wie ein gro\u00dfes Museum erscheint, m\u00fcssen Sie unbedingt den Leuchtturm besuchen, ein Symbol f\u00fcr Patras, aber auch f\u00fcr die Festung von Rio, eine der sch\u00f6nsten Festungen in Peloponnes. Auch ein Besuch im Stadtmuseum und auf der wundervollen Rio-Andirrio-Br\u00fccke kann sich sehr lohnen. Patras ist bekannt f\u00fcr ihre kulturelle Aktivit\u00e4t. Sowohl das St\u00e4dtische Regionaltheater als auch das Internationale Festival sind bedeutende kulturelle Institutionen, und die Qualit\u00e4t ihrer Produktionen hebt die Stadt auf der landesweiten Kulturb\u00fchne hervor.<\/p>\n<p>Dar\u00fcber hinaus ist die Stadt auch f\u00fcr ihren Markt bekannt. In Patras kann man wunderbar einkaufen und wenn Sie durch die L\u00e4den schlendern, werden Sie schnell bemerken, dass sich Patras wirklich mit anderen europ\u00e4ischen St\u00e4dten messen kann und immer auf dem neuesten Stand der Mode bleibt. Es ist rund um die Uhr eine lebendige, strahlende, fr\u00f6hliche, vitale Stadt, in der Sie sich als Besucher wie ein Weltb\u00fcrger f\u00fchlen.<\/p>\n<p><span class=\"main-title-inner\">Fotos<\/span><br \/>\n<!-- default-view.php -->\n<div\n\tclass=\"ngg-galleryoverview default-view  ngg-ajax-pagination-none\"\n\tid=\"ngg-gallery-99c88239e434da9907ec31e7fd265b44-1\">\n\n\t\t<!-- Thumbnails -->\n\t\t\t\t<div id=\"ngg-image-0\" class=\"ngg-gallery-thumbnail-box \" >\n\t\t\t\t        <div class=\"ngg-gallery-thumbnail\">\n            <a href=\"https:\/\/www.galaxyhotel.com.gr\/wp-content\/gallery\/patra-city\/2.jpg\"\n               title=\"\"\n               data-src=\"https:\/\/www.galaxyhotel.com.gr\/wp-content\/gallery\/patra-city\/2.jpg\"\n               data-thumbnail=\"https:\/\/www.galaxyhotel.com.gr\/wp-content\/gallery\/patra-city\/thumbs\/thumbs_2.jpg\"\n               data-image-id=\"68\"\n               data-title=\"City of Patra\"\n               data-description=\"\"\n               data-image-slug=\"city-of-patra-6\"\n               class=\"ngg-simplelightbox\" rel=\"99c88239e434da9907ec31e7fd265b44\">\n                <img\n                    title=\"City of Patra\"\n                    alt=\"City of Patra\"\n                    src=\"https:\/\/www.galaxyhotel.com.gr\/wp-content\/gallery\/patra-city\/thumbs\/thumbs_2.jpg\"\n                    width=\"130\"\n                    height=\"69\"\n                    style=\"max-width:100%;\"\n                \/>\n            <\/a>\n        <\/div>\n\t\t\t\t\t\t\t<\/div> \n\t\t\t\n\t\t\t\t<div id=\"ngg-image-1\" class=\"ngg-gallery-thumbnail-box \" >\n\t\t\t\t        <div class=\"ngg-gallery-thumbnail\">\n            <a href=\"https:\/\/www.galaxyhotel.com.gr\/wp-content\/gallery\/patra-city\/3.jpg\"\n               title=\"\"\n               data-src=\"https:\/\/www.galaxyhotel.com.gr\/wp-content\/gallery\/patra-city\/3.jpg\"\n               data-thumbnail=\"https:\/\/www.galaxyhotel.com.gr\/wp-content\/gallery\/patra-city\/thumbs\/thumbs_3.jpg\"\n               data-image-id=\"69\"\n               data-title=\"City of Patra\"\n               data-description=\"\"\n               data-image-slug=\"city-of-patra-5\"\n               class=\"ngg-simplelightbox\" rel=\"99c88239e434da9907ec31e7fd265b44\">\n                <img\n                    title=\"City of Patra\"\n                    alt=\"City of Patra\"\n                    src=\"https:\/\/www.galaxyhotel.com.gr\/wp-content\/gallery\/patra-city\/thumbs\/thumbs_3.jpg\"\n                    width=\"130\"\n                    height=\"69\"\n                    style=\"max-width:100%;\"\n                \/>\n            <\/a>\n        <\/div>\n\t\t\t\t\t\t\t<\/div> \n\t\t\t\n\t\t\t\t<div id=\"ngg-image-2\" class=\"ngg-gallery-thumbnail-box \" >\n\t\t\t\t        <div class=\"ngg-gallery-thumbnail\">\n            <a href=\"https:\/\/www.galaxyhotel.com.gr\/wp-content\/gallery\/patra-city\/4.jpg\"\n               title=\"\"\n               data-src=\"https:\/\/www.galaxyhotel.com.gr\/wp-content\/gallery\/patra-city\/4.jpg\"\n               data-thumbnail=\"https:\/\/www.galaxyhotel.com.gr\/wp-content\/gallery\/patra-city\/thumbs\/thumbs_4.jpg\"\n               data-image-id=\"70\"\n               data-title=\"City of Patra\"\n               data-description=\"\"\n               data-image-slug=\"city-of-patra-3\"\n               class=\"ngg-simplelightbox\" rel=\"99c88239e434da9907ec31e7fd265b44\">\n                <img\n                    title=\"City of Patra\"\n                    alt=\"City of Patra\"\n                    src=\"https:\/\/www.galaxyhotel.com.gr\/wp-content\/gallery\/patra-city\/thumbs\/thumbs_4.jpg\"\n                    width=\"130\"\n                    height=\"69\"\n                    style=\"max-width:100%;\"\n                \/>\n            <\/a>\n        <\/div>\n\t\t\t\t\t\t\t<\/div> \n\t\t\t\n\t\t\t\t<div id=\"ngg-image-3\" class=\"ngg-gallery-thumbnail-box \" >\n\t\t\t\t        <div class=\"ngg-gallery-thumbnail\">\n            <a href=\"https:\/\/www.galaxyhotel.com.gr\/wp-content\/gallery\/patra-city\/5.jpg\"\n               title=\"\"\n               data-src=\"https:\/\/www.galaxyhotel.com.gr\/wp-content\/gallery\/patra-city\/5.jpg\"\n               data-thumbnail=\"https:\/\/www.galaxyhotel.com.gr\/wp-content\/gallery\/patra-city\/thumbs\/thumbs_5.jpg\"\n               data-image-id=\"71\"\n               data-title=\"City of Patra\"\n               data-description=\"\"\n               data-image-slug=\"city-of-patra-4\"\n               class=\"ngg-simplelightbox\" rel=\"99c88239e434da9907ec31e7fd265b44\">\n                <img\n                    title=\"City of Patra\"\n                    alt=\"City of Patra\"\n                    src=\"https:\/\/www.galaxyhotel.com.gr\/wp-content\/gallery\/patra-city\/thumbs\/thumbs_5.jpg\"\n                    width=\"130\"\n                    height=\"69\"\n                    style=\"max-width:100%;\"\n                \/>\n            <\/a>\n        <\/div>\n\t\t\t\t\t\t\t<\/div> \n\t\t\t\n\t\t\t\t<div id=\"ngg-image-4\" class=\"ngg-gallery-thumbnail-box \" >\n\t\t\t\t        <div class=\"ngg-gallery-thumbnail\">\n            <a href=\"https:\/\/www.galaxyhotel.com.gr\/wp-content\/gallery\/patra-city\/6.jpg\"\n               title=\"\"\n               data-src=\"https:\/\/www.galaxyhotel.com.gr\/wp-content\/gallery\/patra-city\/6.jpg\"\n               data-thumbnail=\"https:\/\/www.galaxyhotel.com.gr\/wp-content\/gallery\/patra-city\/thumbs\/thumbs_6.jpg\"\n               data-image-id=\"72\"\n               data-title=\"City of Patra\"\n               data-description=\"\"\n               data-image-slug=\"city-of-patra-2\"\n               class=\"ngg-simplelightbox\" rel=\"99c88239e434da9907ec31e7fd265b44\">\n                <img\n                    title=\"City of Patra\"\n                    alt=\"City of Patra\"\n                    src=\"https:\/\/www.galaxyhotel.com.gr\/wp-content\/gallery\/patra-city\/thumbs\/thumbs_6.jpg\"\n                    width=\"130\"\n                    height=\"69\"\n                    style=\"max-width:100%;\"\n                \/>\n            <\/a>\n        <\/div>\n\t\t\t\t\t\t\t<\/div> \n\t\t\t\n\t\t\t\t<div id=\"ngg-image-5\" class=\"ngg-gallery-thumbnail-box \" >\n\t\t\t\t        <div class=\"ngg-gallery-thumbnail\">\n            <a href=\"https:\/\/www.galaxyhotel.com.gr\/wp-content\/gallery\/patra-city\/patra00.jpg\"\n               title=\"\"\n               data-src=\"https:\/\/www.galaxyhotel.com.gr\/wp-content\/gallery\/patra-city\/patra00.jpg\"\n               data-thumbnail=\"https:\/\/www.galaxyhotel.com.gr\/wp-content\/gallery\/patra-city\/thumbs\/thumbs_patra00.jpg\"\n               data-image-id=\"50\"\n               data-title=\"City of Patra\"\n               data-description=\"\"\n               data-image-slug=\"city-of-patra\"\n               class=\"ngg-simplelightbox\" rel=\"99c88239e434da9907ec31e7fd265b44\">\n                <img\n                    title=\"City of Patra\"\n                    alt=\"City of Patra\"\n                    src=\"https:\/\/www.galaxyhotel.com.gr\/wp-content\/gallery\/patra-city\/thumbs\/thumbs_patra00.jpg\"\n                    width=\"130\"\n                    height=\"69\"\n                    style=\"max-width:100%;\"\n                \/>\n            <\/a>\n        <\/div>\n\t\t\t\t\t\t\t<\/div> \n\t\t\t\n\t\n\t<br style=\"clear: both\" \/>\n\n\t\n\t\t<!-- Pagination -->\n\t<div class='ngg-clear'><\/div>\t<\/div>\n<\/p>","protected":false},"excerpt":{"rendered":"<p>Patras, eine magische Stadt&#8230; Patras, die drittgr\u00f6\u00dfte Stadt Griechenlands mit einer Bev\u00f6lkerung von \u00fcber 200.000 Menschen, ist die Hauptstadt von Achaia und das Metropolen-Zentrum von Westgriechenland. Es ist eine beeindruckende K\u00fcstenstadt mit einer Geschichte, die endlose Jahrhunderte umfasst, freundlichen Einwohnern, einer erstaunlichen Natur, reichhaltigen, kulturellen Tradition, die die Besucher zum Teilhaben einl\u00e4dt, und dazu, sie [&hellip;]<\/p>\n","protected":false},"author":1,"featured_media":0,"parent":8,"menu_order":0,"comment_status":"open","ping_status":"open","template":"","meta":{"ngg_post_thumbnail":0},"aioseo_notices":[],"_links":{"self":[{"href":"https:\/\/www.galaxyhotel.com.gr\/de\/wp-json\/wp\/v2\/pages\/52"}],"collection":[{"href":"https:\/\/www.galaxyhotel.com.gr\/de\/wp-json\/wp\/v2\/pages"}],"about":[{"href":"https:\/\/www.galaxyhotel.com.gr\/de\/wp-json\/wp\/v2\/types\/page"}],"author":[{"embeddable":true,"href":"https:\/\/www.galaxyhotel.com.gr\/de\/wp-json\/wp\/v2\/users\/1"}],"replies":[{"embeddable":true,"href":"https:\/\/www.galaxyhotel.com.gr\/de\/wp-json\/wp\/v2\/comments?post=52"}],"version-history":[{"count":0,"href":"https:\/\/www.galaxyhotel.com.gr\/de\/wp-json\/wp\/v2\/pages\/52\/revisions"}],"up":[{"embeddable":true,"href":"https:\/\/www.galaxyhotel.com.gr\/de\/wp-json\/wp\/v2\/pages\/8"}],"wp:attachment":[{"href":"https:\/\/www.galaxyhotel.com.gr\/de\/wp-json\/wp\/v2\/media?parent=52"}],"curies":[{"name":"wp","href":"https:\/\/api.w.org\/{rel}","templated":true}]}}