{"id":5,"date":"2011-01-28T15:34:52","date_gmt":"2011-01-28T13:34:52","guid":{"rendered":"https:\/\/www.galaxyhotel.com.gr\/"},"modified":"2022-09-02T14:41:31","modified_gmt":"2022-09-02T11:41:31","slug":"hotel","status":"publish","type":"page","link":"https:\/\/www.galaxyhotel.com.gr\/de\/hotel\/","title":{"rendered":"Unterkunft in Patras Hotel"},"content":{"rendered":"<p><\/p>\n<h1>Hotel<\/h1>\n<p>Wenn Sie den Empfangsbereich des <strong>Galaxy City Center Hotel<\/strong> betreten, wird Ihr Blick wie magnetisch von der beeindruckenden Wand angezogen, die mit Mosaiksteinchen von der bekannten Firma Bisazza \u00fcberzogen ist. Zudem verleiht das Eichenholz der Atmosph\u00e4re auf luxuri\u00f6se und minimalistische Weise zugleich viel W\u00e4rme.<\/p>\n<p>Die Mitarbeiter des Hotels sind stets h\u00f6flich und hilfsbereit. Sie werden Sie willkommen hei\u00dfen, Sie herum f\u00fchren und daf\u00fcr sorgen, dass Sie sich&#8230; wie zu Hause f\u00fchlen.<\/p>\n<p>Die h\u00f6lzerne Treppe f\u00fchrt Sie in die stimmungsvolle Lobby auf der ersten Etage, einen komfortablen und eleganten Raum, der von den Materialien Leder und Holz bestimmt wird. Dies ist ein Treffpunkt f\u00fcr Gesch\u00e4ftsleute, aber auch ein Ort, an dem man am Kamin sitzen und sich entspannen kann.<\/p>\n<p>Auf derselben Etage befindet sich die Fr\u00fchst\u00fcckshalle, die t\u00e4glich von 7:00 \u2013 10:00 ge\u00f6ffnet ist. Dort wird ein reichhaltiges Buffet angegeben, sodass Sie Ihren Tag schmackhaft beginnen k\u00f6nnen!<\/p>\n<p><span class=\"main-title-inner\">Extras<\/span><br \/>\nUm die heutigen Anforderungen zu erf\u00fcllen und den hohen Unterkunftsstandards zu entsprechen, die das Galaxy City Center Hotel bieten m\u00f6chte, verf\u00fcgt es \u00fcber:<\/p>\n<ul>\n<li>MEDIA STROM Matratzen und Untermatratzen<br \/>\nOptimum Silver in den Suiten und Juniorsuiten<br \/>\nPrestige  mit Sprungfeder-Untermatratzen in den \u00fcbrigen Zimmern<\/li>\n<li>Hypoallergene Kopfkissen<\/li>\n<li>Voll ausgestattete Minibar von Dometic &#8211; Electrolux<\/li>\n<li>Dometic &#8211; Electrolux Elektronischer Safe<\/li>\n<li>TFT 26-Zoll-Fernseher in den Suiten und Juniorsuiten und 23-Zoll in den \u00fcbrigen Zimmern<\/li>\n<li>VRV-Klimaanlage von Daikin mit eigenst\u00e4ndiger Temperaturregulierung<\/li>\n<li>WLAN in allen Zimmern und Bereichen des Hotels<\/li>\n<li>Zimmerservice auch aus dem Restaurant Friday&#8217;s, das sich neben dem Hotel befindet<\/li>\n<li>Vollpension oder Halbpension f\u00fcr Gruppen im Hotel<\/li>\n<li>Haarstyling und Massage (auf Anfrage)<\/li>\n<li>Die Zimmer und Betten werden mit Kirby-Staubsaugern und einem 2-Stufen-Standard-Reinigungssystem gereinigt, um Staub und andere Arten von allergenen, gesundheitssch\u00e4dlichen Milben zu beseitigen<\/li>\n<li>Das Wasser, das im Hotel verf\u00fcgbar ist, wird dreimal gefiltert, mit einem Filter f\u00fcr Feststoffe, Kohle f\u00fcr chemische Substanzen und Ger\u00fcche und UV f\u00fcr Mikroorganismen, sodass perfekte Qualit\u00e4t sicher gestellt wird.<\/li>\n<\/ul>\n<p><\/p>","protected":false},"excerpt":{"rendered":"<p>Hotel Wenn Sie den Empfangsbereich des Galaxy City Center Hotel betreten, wird Ihr Blick wie magnetisch von der beeindruckenden Wand angezogen, die mit Mosaiksteinchen von der bekannten Firma Bisazza \u00fcberzogen ist. Zudem verleiht das Eichenholz der Atmosph\u00e4re auf luxuri\u00f6se und minimalistische Weise zugleich viel W\u00e4rme. Die Mitarbeiter des Hotels sind stets h\u00f6flich und hilfsbereit. Sie [&hellip;]<\/p>\n","protected":false},"author":1,"featured_media":0,"parent":0,"menu_order":0,"comment_status":"closed","ping_status":"closed","template":"","meta":{"ngg_post_thumbnail":0},"aioseo_notices":[],"_links":{"self":[{"href":"https:\/\/www.galaxyhotel.com.gr\/de\/wp-json\/wp\/v2\/pages\/5"}],"collection":[{"href":"https:\/\/www.galaxyhotel.com.gr\/de\/wp-json\/wp\/v2\/pages"}],"about":[{"href":"https:\/\/www.galaxyhotel.com.gr\/de\/wp-json\/wp\/v2\/types\/page"}],"author":[{"embeddable":true,"href":"https:\/\/www.galaxyhotel.com.gr\/de\/wp-json\/wp\/v2\/users\/1"}],"replies":[{"embeddable":true,"href":"https:\/\/www.galaxyhotel.com.gr\/de\/wp-json\/wp\/v2\/comments?post=5"}],"version-history":[{"count":0,"href":"https:\/\/www.galaxyhotel.com.gr\/de\/wp-json\/wp\/v2\/pages\/5\/revisions"}],"wp:attachment":[{"href":"https:\/\/www.galaxyhotel.com.gr\/de\/wp-json\/wp\/v2\/media?parent=5"}],"curies":[{"name":"wp","href":"https:\/\/api.w.org\/{rel}","templated":true}]}}