{"id":31,"date":"2011-02-03T14:28:49","date_gmt":"2011-02-03T12:28:49","guid":{"rendered":"https:\/\/www.galaxyhotel.com.gr\/"},"modified":"2011-03-01T15:34:14","modified_gmt":"2011-03-01T13:34:14","slug":"junior-suites","status":"publish","type":"page","link":"https:\/\/www.galaxyhotel.com.gr\/de\/rooms\/junior-suites\/","title":{"rendered":"Junior Suites"},"content":{"rendered":"<p><span class=\"main-title\"><a href=\"https:\/\/www.galaxyhotel.com.gr\/de\/rooms\/\">Zimmer<\/a> \u00bb Juniorsuiten<\/span><\/p>\n<p>Die drei Juniorsuiten im Galaxy City Center Hotel wurden f\u00fcr alle kreiert, die eine komfortable Unterkunft suchen. Die R\u00e4ume sind mit besonderen Stoffen in Grau- und Purpurt\u00f6nen dekoriert. Das Badezimmer ist modern und komfortabel und die Suiten verf\u00fcgen \u00fcber alles, um f\u00fcr den Gast eine angenehme Umgebung zu schaffen.<\/p>\n<p>Eine \u00e4sthetische Harmonie auf 30 Quadratmetern, die auf einzigartige Weise die warme, harmonische Atmosph\u00e4re mit dem abstrakten Dekorationstrend der Zeit vereint.<\/p>\n<p>Alle Juniorsuiten verf\u00fcgen \u00fcber:<\/p>\n<ul>\n<li> 26-Zoll-Flachbildschirmfernseher<\/li>\n<li> Badausstattung von Hermes<\/li>\n<li> WLAN-Netzwerk<\/li>\n<li> Minibar<\/li>\n<li> Elektronischen Safe<\/li>\n<li> Whirlpool mit automatischer Desinfektion<\/li>\n<\/ul>\n<p><span class=\"main-title-inner\">Fotos<\/span><br \/>\n<!-- default-view.php -->\n<div\n\tclass=\"ngg-galleryoverview default-view  ngg-ajax-pagination-none\"\n\tid=\"ngg-gallery-f72980ab3699bd42ba9456898c94590e-1\">\n\n\t\t<!-- Thumbnails -->\n\t\t\t\t<div id=\"ngg-image-0\" class=\"ngg-gallery-thumbnail-box \" >\n\t\t\t\t        <div class=\"ngg-gallery-thumbnail\">\n            <a href=\"https:\/\/www.galaxyhotel.com.gr\/wp-content\/gallery\/jsuites-gallery\/18.jpg\"\n               title=\"\"\n               data-src=\"https:\/\/www.galaxyhotel.com.gr\/wp-content\/gallery\/jsuites-gallery\/18.jpg\"\n               data-thumbnail=\"https:\/\/www.galaxyhotel.com.gr\/wp-content\/gallery\/jsuites-gallery\/thumbs\/thumbs_18.jpg\"\n               data-image-id=\"29\"\n               data-title=\"Junior suite - Bedroom\"\n               data-description=\"\"\n               data-image-slug=\"junior-suite-bedroom\"\n               class=\"ngg-simplelightbox\" rel=\"f72980ab3699bd42ba9456898c94590e\">\n                <img\n                    title=\"Junior suite - Bedroom\"\n                    alt=\"Junior suite - Bedroom\"\n                    src=\"https:\/\/www.galaxyhotel.com.gr\/wp-content\/gallery\/jsuites-gallery\/thumbs\/thumbs_18.jpg\"\n                    width=\"130\"\n                    height=\"69\"\n                    style=\"max-width:100%;\"\n                \/>\n            <\/a>\n        <\/div>\n\t\t\t\t\t\t\t<\/div> \n\t\t\t\n\t\t\t\t<div id=\"ngg-image-1\" class=\"ngg-gallery-thumbnail-box \" >\n\t\t\t\t        <div class=\"ngg-gallery-thumbnail\">\n            <a href=\"https:\/\/www.galaxyhotel.com.gr\/wp-content\/gallery\/jsuites-gallery\/16.jpg\"\n               title=\"\"\n               data-src=\"https:\/\/www.galaxyhotel.com.gr\/wp-content\/gallery\/jsuites-gallery\/16.jpg\"\n               data-thumbnail=\"https:\/\/www.galaxyhotel.com.gr\/wp-content\/gallery\/jsuites-gallery\/thumbs\/thumbs_16.jpg\"\n               data-image-id=\"28\"\n               data-title=\"Junior suite - Bathroom\"\n               data-description=\"\"\n               data-image-slug=\"junior-suite-bathroom\"\n               class=\"ngg-simplelightbox\" rel=\"f72980ab3699bd42ba9456898c94590e\">\n                <img\n                    title=\"Junior suite - Bathroom\"\n                    alt=\"Junior suite - Bathroom\"\n                    src=\"https:\/\/www.galaxyhotel.com.gr\/wp-content\/gallery\/jsuites-gallery\/thumbs\/thumbs_16.jpg\"\n                    width=\"130\"\n                    height=\"69\"\n                    style=\"max-width:100%;\"\n                \/>\n            <\/a>\n        <\/div>\n\t\t\t\t\t\t\t<\/div> \n\t\t\t\n\t\t\t\t<div id=\"ngg-image-2\" class=\"ngg-gallery-thumbnail-box \" >\n\t\t\t\t        <div class=\"ngg-gallery-thumbnail\">\n            <a href=\"https:\/\/www.galaxyhotel.com.gr\/wp-content\/gallery\/jsuites-gallery\/55.jpg\"\n               title=\"\"\n               data-src=\"https:\/\/www.galaxyhotel.com.gr\/wp-content\/gallery\/jsuites-gallery\/55.jpg\"\n               data-thumbnail=\"https:\/\/www.galaxyhotel.com.gr\/wp-content\/gallery\/jsuites-gallery\/thumbs\/thumbs_55.jpg\"\n               data-image-id=\"30\"\n               data-title=\"Junior suite - Bathroom\"\n               data-description=\"\"\n               data-image-slug=\"junior-suite-bathroom-2\"\n               class=\"ngg-simplelightbox\" rel=\"f72980ab3699bd42ba9456898c94590e\">\n                <img\n                    title=\"Junior suite - Bathroom\"\n                    alt=\"Junior suite - Bathroom\"\n                    src=\"https:\/\/www.galaxyhotel.com.gr\/wp-content\/gallery\/jsuites-gallery\/thumbs\/thumbs_55.jpg\"\n                    width=\"130\"\n                    height=\"69\"\n                    style=\"max-width:100%;\"\n                \/>\n            <\/a>\n        <\/div>\n\t\t\t\t\t\t\t<\/div> \n\t\t\t\n\t\t\t\t<div id=\"ngg-image-3\" class=\"ngg-gallery-thumbnail-box \" >\n\t\t\t\t        <div class=\"ngg-gallery-thumbnail\">\n            <a href=\"https:\/\/www.galaxyhotel.com.gr\/wp-content\/gallery\/jsuites-gallery\/14.jpg\"\n               title=\"\"\n               data-src=\"https:\/\/www.galaxyhotel.com.gr\/wp-content\/gallery\/jsuites-gallery\/14.jpg\"\n               data-thumbnail=\"https:\/\/www.galaxyhotel.com.gr\/wp-content\/gallery\/jsuites-gallery\/thumbs\/thumbs_14.jpg\"\n               data-image-id=\"27\"\n               data-title=\"Junior suite - Bathroom amenities\"\n               data-description=\"\"\n               data-image-slug=\"junior-suite-bathroom-amenities\"\n               class=\"ngg-simplelightbox\" rel=\"f72980ab3699bd42ba9456898c94590e\">\n                <img\n                    title=\"Junior suite - Bathroom amenities\"\n                    alt=\"Junior suite - Bathroom amenities\"\n                    src=\"https:\/\/www.galaxyhotel.com.gr\/wp-content\/gallery\/jsuites-gallery\/thumbs\/thumbs_14.jpg\"\n                    width=\"130\"\n                    height=\"69\"\n                    style=\"max-width:100%;\"\n                \/>\n            <\/a>\n        <\/div>\n\t\t\t\t\t\t\t<\/div> \n\t\t\t\n\t\n\t<br style=\"clear: both\" \/>\n\n\t\n\t\t<!-- Pagination -->\n\t<div class='ngg-clear'><\/div>\t<\/div>\n<\/p>","protected":false},"excerpt":{"rendered":"<p>Zimmer \u00bb Juniorsuiten Die drei Juniorsuiten im Galaxy City Center Hotel wurden f\u00fcr alle kreiert, die eine komfortable Unterkunft suchen. Die R\u00e4ume sind mit besonderen Stoffen in Grau- und Purpurt\u00f6nen dekoriert. Das Badezimmer ist modern und komfortabel und die Suiten verf\u00fcgen \u00fcber alles, um f\u00fcr den Gast eine angenehme Umgebung zu schaffen. Eine \u00e4sthetische Harmonie [&hellip;]<\/p>\n","protected":false},"author":1,"featured_media":0,"parent":6,"menu_order":0,"comment_status":"open","ping_status":"open","template":"","meta":{"ngg_post_thumbnail":0},"aioseo_notices":[],"_links":{"self":[{"href":"https:\/\/www.galaxyhotel.com.gr\/de\/wp-json\/wp\/v2\/pages\/31"}],"collection":[{"href":"https:\/\/www.galaxyhotel.com.gr\/de\/wp-json\/wp\/v2\/pages"}],"about":[{"href":"https:\/\/www.galaxyhotel.com.gr\/de\/wp-json\/wp\/v2\/types\/page"}],"author":[{"embeddable":true,"href":"https:\/\/www.galaxyhotel.com.gr\/de\/wp-json\/wp\/v2\/users\/1"}],"replies":[{"embeddable":true,"href":"https:\/\/www.galaxyhotel.com.gr\/de\/wp-json\/wp\/v2\/comments?post=31"}],"version-history":[{"count":0,"href":"https:\/\/www.galaxyhotel.com.gr\/de\/wp-json\/wp\/v2\/pages\/31\/revisions"}],"up":[{"embeddable":true,"href":"https:\/\/www.galaxyhotel.com.gr\/de\/wp-json\/wp\/v2\/pages\/6"}],"wp:attachment":[{"href":"https:\/\/www.galaxyhotel.com.gr\/de\/wp-json\/wp\/v2\/media?parent=31"}],"curies":[{"name":"wp","href":"https:\/\/api.w.org\/{rel}","templated":true}]}}