{"id":30,"date":"2011-02-03T14:27:59","date_gmt":"2011-02-03T12:27:59","guid":{"rendered":"https:\/\/www.galaxyhotel.com.gr\/"},"modified":"2011-03-01T15:35:38","modified_gmt":"2011-03-01T13:35:38","slug":"suites","status":"publish","type":"page","link":"https:\/\/www.galaxyhotel.com.gr\/de\/rooms\/suites\/","title":{"rendered":"Suites"},"content":{"rendered":"<p><span class=\"main-title\"><a href=\"https:\/\/www.galaxyhotel.com.gr\/de\/rooms\/\">Zimmer<\/a> \u00bb Suiten<\/span><br \/>\nDie luxuri\u00f6sen Suiten, die elegant dekoriert wurden und einen atemberaubenden Blick aufs Meer und die Stadtfestung bieten, sorgen f\u00fcr eine Umgebung, die den Besucher voll und ganz zufrieden stellt.<\/p>\n<p>Komfort und Luxus auf 40 Quadratmetern, mit einer geradlinigen Dekoration, in der Grau und Lila die dominierenden Farben sind. Im Wohnzimmer erzeugen geometrische, moderne Holzm\u00f6bel ein luxuri\u00f6ses, minimalistisches Gef\u00fchl und schaffen gleichzeitig die ideale Atmosph\u00e4re, in der G\u00e4ste sich entspannen k\u00f6nnen.<\/p>\n<p>Genie\u00dfen Sie die Sicht auf das Meer vom 25 Quadratmeter gro\u00dfen Balkon aus, kosten Sie ein Men\u00fc aus dem Friday&#8217;s vom Zimmerservice oder entspannen Sie im Whirlpool mit der Badausstattung von Hermes.<\/p>\n<p>In einer solch luxuri\u00f6sen Umgebung finden Sie nat\u00fcrlich nur Flachbildschirm-Fernseher (sowohl im Wohn- als auch im Schlafzimmer), WLAN-Internet, eine voll ausgestattete Minibar und einen Safe.<\/p>\n<p>Edle Stoffe, elegante M\u00f6bel, Panoramasicht und moderner Komfort bieten Ihnen einen angenehmen Aufenthalt.<\/p>\n<p><span class=\"main-title-inner\">Fotos<\/span><br \/>\n<!-- default-view.php -->\n<div\n\tclass=\"ngg-galleryoverview default-view  ngg-ajax-pagination-none\"\n\tid=\"ngg-gallery-23dbaa132cdd6842da1326e19e80cdce-1\">\n\n\t\t<!-- Thumbnails -->\n\t\t\t\t<div id=\"ngg-image-0\" class=\"ngg-gallery-thumbnail-box \" >\n\t\t\t\t        <div class=\"ngg-gallery-thumbnail\">\n            <a href=\"https:\/\/www.galaxyhotel.com.gr\/wp-content\/gallery\/suites-gallery\/04.jpg\"\n               title=\"\"\n               data-src=\"https:\/\/www.galaxyhotel.com.gr\/wp-content\/gallery\/suites-gallery\/04.jpg\"\n               data-thumbnail=\"https:\/\/www.galaxyhotel.com.gr\/wp-content\/gallery\/suites-gallery\/thumbs\/thumbs_04.jpg\"\n               data-image-id=\"21\"\n               data-title=\"Suite - Bedroom\"\n               data-description=\"\"\n               data-image-slug=\"suite-bedroom\"\n               class=\"ngg-simplelightbox\" rel=\"23dbaa132cdd6842da1326e19e80cdce\">\n                <img\n                    title=\"Suite - Bedroom\"\n                    alt=\"Suite - Bedroom\"\n                    src=\"https:\/\/www.galaxyhotel.com.gr\/wp-content\/gallery\/suites-gallery\/thumbs\/thumbs_04.jpg\"\n                    width=\"130\"\n                    height=\"69\"\n                    style=\"max-width:100%;\"\n                \/>\n            <\/a>\n        <\/div>\n\t\t\t\t\t\t\t<\/div> \n\t\t\t\n\t\t\t\t<div id=\"ngg-image-1\" class=\"ngg-gallery-thumbnail-box \" >\n\t\t\t\t        <div class=\"ngg-gallery-thumbnail\">\n            <a href=\"https:\/\/www.galaxyhotel.com.gr\/wp-content\/gallery\/suites-gallery\/25.jpg\"\n               title=\"\"\n               data-src=\"https:\/\/www.galaxyhotel.com.gr\/wp-content\/gallery\/suites-gallery\/25.jpg\"\n               data-thumbnail=\"https:\/\/www.galaxyhotel.com.gr\/wp-content\/gallery\/suites-gallery\/thumbs\/thumbs_25.jpg\"\n               data-image-id=\"26\"\n               data-title=\"Suite - Bedroom\"\n               data-description=\"\"\n               data-image-slug=\"suite-bedroom-2\"\n               class=\"ngg-simplelightbox\" rel=\"23dbaa132cdd6842da1326e19e80cdce\">\n                <img\n                    title=\"Suite - Bedroom\"\n                    alt=\"Suite - Bedroom\"\n                    src=\"https:\/\/www.galaxyhotel.com.gr\/wp-content\/gallery\/suites-gallery\/thumbs\/thumbs_25.jpg\"\n                    width=\"130\"\n                    height=\"69\"\n                    style=\"max-width:100%;\"\n                \/>\n            <\/a>\n        <\/div>\n\t\t\t\t\t\t\t<\/div> \n\t\t\t\n\t\t\t\t<div id=\"ngg-image-2\" class=\"ngg-gallery-thumbnail-box \" >\n\t\t\t\t        <div class=\"ngg-gallery-thumbnail\">\n            <a href=\"https:\/\/www.galaxyhotel.com.gr\/wp-content\/gallery\/suites-gallery\/17.jpg\"\n               title=\"\"\n               data-src=\"https:\/\/www.galaxyhotel.com.gr\/wp-content\/gallery\/suites-gallery\/17.jpg\"\n               data-thumbnail=\"https:\/\/www.galaxyhotel.com.gr\/wp-content\/gallery\/suites-gallery\/thumbs\/thumbs_17.jpg\"\n               data-image-id=\"25\"\n               data-title=\"Suite - Living room\"\n               data-description=\"\"\n               data-image-slug=\"suite-living-room\"\n               class=\"ngg-simplelightbox\" rel=\"23dbaa132cdd6842da1326e19e80cdce\">\n                <img\n                    title=\"Suite - Living room\"\n                    alt=\"Suite - Living room\"\n                    src=\"https:\/\/www.galaxyhotel.com.gr\/wp-content\/gallery\/suites-gallery\/thumbs\/thumbs_17.jpg\"\n                    width=\"130\"\n                    height=\"69\"\n                    style=\"max-width:100%;\"\n                \/>\n            <\/a>\n        <\/div>\n\t\t\t\t\t\t\t<\/div> \n\t\t\t\n\t\t\t\t<div id=\"ngg-image-3\" class=\"ngg-gallery-thumbnail-box \" >\n\t\t\t\t        <div class=\"ngg-gallery-thumbnail\">\n            <a href=\"https:\/\/www.galaxyhotel.com.gr\/wp-content\/gallery\/suites-gallery\/02.jpg\"\n               title=\"\"\n               data-src=\"https:\/\/www.galaxyhotel.com.gr\/wp-content\/gallery\/suites-gallery\/02.jpg\"\n               data-thumbnail=\"https:\/\/www.galaxyhotel.com.gr\/wp-content\/gallery\/suites-gallery\/thumbs\/thumbs_02.jpg\"\n               data-image-id=\"20\"\n               data-title=\"Suite - Living room\"\n               data-description=\"\"\n               data-image-slug=\"suite-living-room-2\"\n               class=\"ngg-simplelightbox\" rel=\"23dbaa132cdd6842da1326e19e80cdce\">\n                <img\n                    title=\"Suite - Living room\"\n                    alt=\"Suite - Living room\"\n                    src=\"https:\/\/www.galaxyhotel.com.gr\/wp-content\/gallery\/suites-gallery\/thumbs\/thumbs_02.jpg\"\n                    width=\"130\"\n                    height=\"69\"\n                    style=\"max-width:100%;\"\n                \/>\n            <\/a>\n        <\/div>\n\t\t\t\t\t\t\t<\/div> \n\t\t\t\n\t\t\t\t<div id=\"ngg-image-4\" class=\"ngg-gallery-thumbnail-box \" >\n\t\t\t\t        <div class=\"ngg-gallery-thumbnail\">\n            <a href=\"https:\/\/www.galaxyhotel.com.gr\/wp-content\/gallery\/suites-gallery\/01.jpg\"\n               title=\"\"\n               data-src=\"https:\/\/www.galaxyhotel.com.gr\/wp-content\/gallery\/suites-gallery\/01.jpg\"\n               data-thumbnail=\"https:\/\/www.galaxyhotel.com.gr\/wp-content\/gallery\/suites-gallery\/thumbs\/thumbs_01.jpg\"\n               data-image-id=\"19\"\n               data-title=\"Suite - Bathroom\"\n               data-description=\"\"\n               data-image-slug=\"suite-bathroom\"\n               class=\"ngg-simplelightbox\" rel=\"23dbaa132cdd6842da1326e19e80cdce\">\n                <img\n                    title=\"Suite - Bathroom\"\n                    alt=\"Suite - Bathroom\"\n                    src=\"https:\/\/www.galaxyhotel.com.gr\/wp-content\/gallery\/suites-gallery\/thumbs\/thumbs_01.jpg\"\n                    width=\"130\"\n                    height=\"69\"\n                    style=\"max-width:100%;\"\n                \/>\n            <\/a>\n        <\/div>\n\t\t\t\t\t\t\t<\/div> \n\t\t\t\n\t\t\t\t<div id=\"ngg-image-5\" class=\"ngg-gallery-thumbnail-box \" >\n\t\t\t\t        <div class=\"ngg-gallery-thumbnail\">\n            <a href=\"https:\/\/www.galaxyhotel.com.gr\/wp-content\/gallery\/suites-gallery\/14.jpg\"\n               title=\"\"\n               data-src=\"https:\/\/www.galaxyhotel.com.gr\/wp-content\/gallery\/suites-gallery\/14.jpg\"\n               data-thumbnail=\"https:\/\/www.galaxyhotel.com.gr\/wp-content\/gallery\/suites-gallery\/thumbs\/thumbs_14.jpg\"\n               data-image-id=\"24\"\n               data-title=\"Suite - Bathroom amenities\"\n               data-description=\"\"\n               data-image-slug=\"suite-bathroom-amenities\"\n               class=\"ngg-simplelightbox\" rel=\"23dbaa132cdd6842da1326e19e80cdce\">\n                <img\n                    title=\"Suite - Bathroom amenities\"\n                    alt=\"Suite - Bathroom amenities\"\n                    src=\"https:\/\/www.galaxyhotel.com.gr\/wp-content\/gallery\/suites-gallery\/thumbs\/thumbs_14.jpg\"\n                    width=\"130\"\n                    height=\"69\"\n                    style=\"max-width:100%;\"\n                \/>\n            <\/a>\n        <\/div>\n\t\t\t\t\t\t\t<\/div> \n\t\t\t\n\t\t\t\t<div id=\"ngg-image-6\" class=\"ngg-gallery-thumbnail-box \" >\n\t\t\t\t        <div class=\"ngg-gallery-thumbnail\">\n            <a href=\"https:\/\/www.galaxyhotel.com.gr\/wp-content\/gallery\/suites-gallery\/12.jpg\"\n               title=\"\"\n               data-src=\"https:\/\/www.galaxyhotel.com.gr\/wp-content\/gallery\/suites-gallery\/12.jpg\"\n               data-thumbnail=\"https:\/\/www.galaxyhotel.com.gr\/wp-content\/gallery\/suites-gallery\/thumbs\/thumbs_12.jpg\"\n               data-image-id=\"22\"\n               data-title=\"Suite - View\"\n               data-description=\"\"\n               data-image-slug=\"suite-view\"\n               class=\"ngg-simplelightbox\" rel=\"23dbaa132cdd6842da1326e19e80cdce\">\n                <img\n                    title=\"Suite - View\"\n                    alt=\"Suite - View\"\n                    src=\"https:\/\/www.galaxyhotel.com.gr\/wp-content\/gallery\/suites-gallery\/thumbs\/thumbs_12.jpg\"\n                    width=\"130\"\n                    height=\"69\"\n                    style=\"max-width:100%;\"\n                \/>\n            <\/a>\n        <\/div>\n\t\t\t\t\t\t\t<\/div> \n\t\t\t\n\t\t\t\t<div id=\"ngg-image-7\" class=\"ngg-gallery-thumbnail-box \" >\n\t\t\t\t        <div class=\"ngg-gallery-thumbnail\">\n            <a href=\"https:\/\/www.galaxyhotel.com.gr\/wp-content\/gallery\/suites-gallery\/13.jpg\"\n               title=\"\"\n               data-src=\"https:\/\/www.galaxyhotel.com.gr\/wp-content\/gallery\/suites-gallery\/13.jpg\"\n               data-thumbnail=\"https:\/\/www.galaxyhotel.com.gr\/wp-content\/gallery\/suites-gallery\/thumbs\/thumbs_13.jpg\"\n               data-image-id=\"23\"\n               data-title=\"Suite - View\"\n               data-description=\"\"\n               data-image-slug=\"suite-view-2\"\n               class=\"ngg-simplelightbox\" rel=\"23dbaa132cdd6842da1326e19e80cdce\">\n                <img\n                    title=\"Suite - View\"\n                    alt=\"Suite - View\"\n                    src=\"https:\/\/www.galaxyhotel.com.gr\/wp-content\/gallery\/suites-gallery\/thumbs\/thumbs_13.jpg\"\n                    width=\"130\"\n                    height=\"69\"\n                    style=\"max-width:100%;\"\n                \/>\n            <\/a>\n        <\/div>\n\t\t\t\t\t\t\t<\/div> \n\t\t\t\n\t\n\t<br style=\"clear: both\" \/>\n\n\t\n\t\t<!-- Pagination -->\n\t<div class='ngg-clear'><\/div>\t<\/div>\n<\/p>","protected":false},"excerpt":{"rendered":"<p>Zimmer \u00bb Suiten Die luxuri\u00f6sen Suiten, die elegant dekoriert wurden und einen atemberaubenden Blick aufs Meer und die Stadtfestung bieten, sorgen f\u00fcr eine Umgebung, die den Besucher voll und ganz zufrieden stellt. Komfort und Luxus auf 40 Quadratmetern, mit einer geradlinigen Dekoration, in der Grau und Lila die dominierenden Farben sind. Im Wohnzimmer erzeugen geometrische, [&hellip;]<\/p>\n","protected":false},"author":1,"featured_media":0,"parent":6,"menu_order":0,"comment_status":"open","ping_status":"open","template":"","meta":{"ngg_post_thumbnail":0},"aioseo_notices":[],"_links":{"self":[{"href":"https:\/\/www.galaxyhotel.com.gr\/de\/wp-json\/wp\/v2\/pages\/30"}],"collection":[{"href":"https:\/\/www.galaxyhotel.com.gr\/de\/wp-json\/wp\/v2\/pages"}],"about":[{"href":"https:\/\/www.galaxyhotel.com.gr\/de\/wp-json\/wp\/v2\/types\/page"}],"author":[{"embeddable":true,"href":"https:\/\/www.galaxyhotel.com.gr\/de\/wp-json\/wp\/v2\/users\/1"}],"replies":[{"embeddable":true,"href":"https:\/\/www.galaxyhotel.com.gr\/de\/wp-json\/wp\/v2\/comments?post=30"}],"version-history":[{"count":0,"href":"https:\/\/www.galaxyhotel.com.gr\/de\/wp-json\/wp\/v2\/pages\/30\/revisions"}],"up":[{"embeddable":true,"href":"https:\/\/www.galaxyhotel.com.gr\/de\/wp-json\/wp\/v2\/pages\/6"}],"wp:attachment":[{"href":"https:\/\/www.galaxyhotel.com.gr\/de\/wp-json\/wp\/v2\/media?parent=30"}],"curies":[{"name":"wp","href":"https:\/\/api.w.org\/{rel}","templated":true}]}}