{"id":29,"date":"2011-02-03T14:26:25","date_gmt":"2011-02-03T12:26:25","guid":{"rendered":"https:\/\/www.galaxyhotel.com.gr\/"},"modified":"2011-03-03T15:10:16","modified_gmt":"2011-03-03T13:10:16","slug":"amea","status":"publish","type":"page","link":"https:\/\/www.galaxyhotel.com.gr\/de\/rooms\/amea\/","title":{"rendered":"\u0392arrierefrei Zimmer"},"content":{"rendered":"<p><span class=\"main-title\"><a href=\"https:\/\/www.galaxyhotel.com.gr\/de\/rooms\/\">Zimmer<\/a> \u00bb \u0392arrierefrei Zimmer<\/span><\/p>\n<p>Das Galaxy City Center Hotel geht auf die besonderen Bed\u00fcrfnisse einiger Menschen ein, die barrierefreie Zimmer ben\u00f6tigt und hat daher 2 Zimmer speziell f\u00fcr Menschen mit Behinderungen eingerichtet, die trotzdem all den Luxus und die wunderbare \u00c4sthetik des \u00fcbrigen Hotels besitzen. Die R\u00e4ume sind noch komfortabler, um Ihnen den Aufenthalt angenehm zu gestalten und mit allem ausgestattet, das f\u00fcr Funktionalit\u00e4t und Service erforderlich ist.<\/p>\n<p>Die barrierefreien Zimmer verf\u00fcgen \u00fcber:<\/p>\n<ul>\n<li> 23-Zoll-Flachbildschirmfernseher<\/li>\n<li> Toilette und Dusche<\/li>\n<li> WLAN-Netzwerk<\/li>\n<li> Minibar<\/li>\n<li> Elektronischen Safe<\/li>\n<li> Klimaanlage<\/li>\n<\/ul>\n<p><span class=\"main-title-inner\">Fotos<\/span><br \/>\n<!-- default-view.php -->\n<div\n\tclass=\"ngg-galleryoverview default-view  ngg-ajax-pagination-none\"\n\tid=\"ngg-gallery-6b1256ec74c2e946db1fa594c5b6a823-1\">\n\n\t\t<!-- Thumbnails -->\n\t\t\t\t<div id=\"ngg-image-0\" class=\"ngg-gallery-thumbnail-box \" >\n\t\t\t\t        <div class=\"ngg-gallery-thumbnail\">\n            <a href=\"https:\/\/www.galaxyhotel.com.gr\/wp-content\/gallery\/amea-gallery\/48.jpg\"\n               title=\"\"\n               data-src=\"https:\/\/www.galaxyhotel.com.gr\/wp-content\/gallery\/amea-gallery\/48.jpg\"\n               data-thumbnail=\"https:\/\/www.galaxyhotel.com.gr\/wp-content\/gallery\/amea-gallery\/thumbs\/thumbs_48.jpg\"\n               data-image-id=\"18\"\n               data-title=\"Special needs room - Bedroom\"\n               data-description=\"\"\n               data-image-slug=\"special-needs-room-bedroom\"\n               class=\"ngg-simplelightbox\" rel=\"6b1256ec74c2e946db1fa594c5b6a823\">\n                <img\n                    title=\"Special needs room - Bedroom\"\n                    alt=\"Special needs room - Bedroom\"\n                    src=\"https:\/\/www.galaxyhotel.com.gr\/wp-content\/gallery\/amea-gallery\/thumbs\/thumbs_48.jpg\"\n                    width=\"130\"\n                    height=\"69\"\n                    style=\"max-width:100%;\"\n                \/>\n            <\/a>\n        <\/div>\n\t\t\t\t\t\t\t<\/div> \n\t\t\t\n\t\t\t\t<div id=\"ngg-image-1\" class=\"ngg-gallery-thumbnail-box \" >\n\t\t\t\t        <div class=\"ngg-gallery-thumbnail\">\n            <a href=\"https:\/\/www.galaxyhotel.com.gr\/wp-content\/gallery\/amea-gallery\/06.jpg\"\n               title=\"\"\n               data-src=\"https:\/\/www.galaxyhotel.com.gr\/wp-content\/gallery\/amea-gallery\/06.jpg\"\n               data-thumbnail=\"https:\/\/www.galaxyhotel.com.gr\/wp-content\/gallery\/amea-gallery\/thumbs\/thumbs_06.jpg\"\n               data-image-id=\"16\"\n               data-title=\"Special needs room - Bedroom\"\n               data-description=\"\"\n               data-image-slug=\"special-needs-room-bedroom-2\"\n               class=\"ngg-simplelightbox\" rel=\"6b1256ec74c2e946db1fa594c5b6a823\">\n                <img\n                    title=\"Special needs room - Bedroom\"\n                    alt=\"Special needs room - Bedroom\"\n                    src=\"https:\/\/www.galaxyhotel.com.gr\/wp-content\/gallery\/amea-gallery\/thumbs\/thumbs_06.jpg\"\n                    width=\"130\"\n                    height=\"69\"\n                    style=\"max-width:100%;\"\n                \/>\n            <\/a>\n        <\/div>\n\t\t\t\t\t\t\t<\/div> \n\t\t\t\n\t\t\t\t<div id=\"ngg-image-2\" class=\"ngg-gallery-thumbnail-box \" >\n\t\t\t\t        <div class=\"ngg-gallery-thumbnail\">\n            <a href=\"https:\/\/www.galaxyhotel.com.gr\/wp-content\/gallery\/amea-gallery\/46.jpg\"\n               title=\"\"\n               data-src=\"https:\/\/www.galaxyhotel.com.gr\/wp-content\/gallery\/amea-gallery\/46.jpg\"\n               data-thumbnail=\"https:\/\/www.galaxyhotel.com.gr\/wp-content\/gallery\/amea-gallery\/thumbs\/thumbs_46.jpg\"\n               data-image-id=\"17\"\n               data-title=\"Special needs room - Bathroom\"\n               data-description=\"\"\n               data-image-slug=\"special-needs-room-bathroom\"\n               class=\"ngg-simplelightbox\" rel=\"6b1256ec74c2e946db1fa594c5b6a823\">\n                <img\n                    title=\"Special needs room - Bathroom\"\n                    alt=\"Special needs room - Bathroom\"\n                    src=\"https:\/\/www.galaxyhotel.com.gr\/wp-content\/gallery\/amea-gallery\/thumbs\/thumbs_46.jpg\"\n                    width=\"130\"\n                    height=\"69\"\n                    style=\"max-width:100%;\"\n                \/>\n            <\/a>\n        <\/div>\n\t\t\t\t\t\t\t<\/div> \n\t\t\t\n\t\n\t<br style=\"clear: both\" \/>\n\n\t\n\t\t<!-- Pagination -->\n\t<div class='ngg-clear'><\/div>\t<\/div>\n<\/p>","protected":false},"excerpt":{"rendered":"<p>Zimmer \u00bb \u0392arrierefrei Zimmer Das Galaxy City Center Hotel geht auf die besonderen Bed\u00fcrfnisse einiger Menschen ein, die barrierefreie Zimmer ben\u00f6tigt und hat daher 2 Zimmer speziell f\u00fcr Menschen mit Behinderungen eingerichtet, die trotzdem all den Luxus und die wunderbare \u00c4sthetik des \u00fcbrigen Hotels besitzen. Die R\u00e4ume sind noch komfortabler, um Ihnen den Aufenthalt angenehm [&hellip;]<\/p>\n","protected":false},"author":1,"featured_media":0,"parent":6,"menu_order":0,"comment_status":"open","ping_status":"open","template":"","meta":{"ngg_post_thumbnail":0},"aioseo_notices":[],"_links":{"self":[{"href":"https:\/\/www.galaxyhotel.com.gr\/de\/wp-json\/wp\/v2\/pages\/29"}],"collection":[{"href":"https:\/\/www.galaxyhotel.com.gr\/de\/wp-json\/wp\/v2\/pages"}],"about":[{"href":"https:\/\/www.galaxyhotel.com.gr\/de\/wp-json\/wp\/v2\/types\/page"}],"author":[{"embeddable":true,"href":"https:\/\/www.galaxyhotel.com.gr\/de\/wp-json\/wp\/v2\/users\/1"}],"replies":[{"embeddable":true,"href":"https:\/\/www.galaxyhotel.com.gr\/de\/wp-json\/wp\/v2\/comments?post=29"}],"version-history":[{"count":0,"href":"https:\/\/www.galaxyhotel.com.gr\/de\/wp-json\/wp\/v2\/pages\/29\/revisions"}],"up":[{"embeddable":true,"href":"https:\/\/www.galaxyhotel.com.gr\/de\/wp-json\/wp\/v2\/pages\/6"}],"wp:attachment":[{"href":"https:\/\/www.galaxyhotel.com.gr\/de\/wp-json\/wp\/v2\/media?parent=29"}],"curies":[{"name":"wp","href":"https:\/\/api.w.org\/{rel}","templated":true}]}}