{"id":28,"date":"2011-02-03T14:22:31","date_gmt":"2011-02-03T12:22:31","guid":{"rendered":"https:\/\/www.galaxyhotel.com.gr\/"},"modified":"2011-03-03T15:08:51","modified_gmt":"2011-03-03T13:08:51","slug":"family","status":"publish","type":"page","link":"https:\/\/www.galaxyhotel.com.gr\/de\/rooms\/family\/","title":{"rendered":"Family Room"},"content":{"rendered":"<p><span class=\"main-title\"><a href=\"https:\/\/www.galaxyhotel.com.gr\/de\/rooms\/\">Zimmer<\/a> \u00bb Familienzimmer<\/span><\/p>\n<p>Das Galaxy City Center Hotel steht in einer Stadt, die nicht nur von Berufst\u00e4tigen bereist wird, sondern in der auch Familien gern Urlaub machen. Hier finden Sie eine perfekte Unterkunft.<\/p>\n<p>Sechs Familienzimmer mit einer Gr\u00f6\u00dfe von jeweils 40 Quadratmetern, die aus zwei separaten Schlafzimmern, jedes davon mit eigenem Badezimmer ausgestattet, bestehen, erm\u00f6glichen es Ihnen und Ihren Kindern sich zugleich sicher und unabh\u00e4ngig zu f\u00fchlen.<\/p>\n<p>Holz verleiht den Zimmern \u00c4sthetik und W\u00e4rme, w\u00e4hrend das abstrakte Design ein Gef\u00fchl von Freiheit und wahrem Luxus vermittelt.<\/p>\n<p>Die Familienzimmer verf\u00fcgen \u00fcber:<\/p>\n<ul>\n<li> 23-Zoll-Flachbildschirmfernseher<\/li>\n<li> Toilette und Dusche<\/li>\n<li> WLAN-Netzwerk<\/li>\n<li> Minibar<\/li>\n<li> Elektronischen Safe<\/li>\n<li> Klimaanlage<\/li>\n<\/ul>\n<p><span class=\"main-title-inner\">Fotos<\/span><br \/>\n<!-- default-view.php -->\n<div\n\tclass=\"ngg-galleryoverview default-view  ngg-ajax-pagination-none\"\n\tid=\"ngg-gallery-8591178f1485bdb0fecd32101ce9e302-1\">\n\n\t\t<!-- Thumbnails -->\n\t\t\t\t<div id=\"ngg-image-0\" class=\"ngg-gallery-thumbnail-box \" >\n\t\t\t\t        <div class=\"ngg-gallery-thumbnail\">\n            <a href=\"https:\/\/www.galaxyhotel.com.gr\/wp-content\/gallery\/family-gallery\/09.jpg\"\n               title=\"\"\n               data-src=\"https:\/\/www.galaxyhotel.com.gr\/wp-content\/gallery\/family-gallery\/09.jpg\"\n               data-thumbnail=\"https:\/\/www.galaxyhotel.com.gr\/wp-content\/gallery\/family-gallery\/thumbs\/thumbs_09.jpg\"\n               data-image-id=\"13\"\n               data-title=\"Family room - Bedroom\"\n               data-description=\"\"\n               data-image-slug=\"family-room-bedroom-3\"\n               class=\"ngg-simplelightbox\" rel=\"8591178f1485bdb0fecd32101ce9e302\">\n                <img\n                    title=\"Family room - Bedroom\"\n                    alt=\"Family room - Bedroom\"\n                    src=\"https:\/\/www.galaxyhotel.com.gr\/wp-content\/gallery\/family-gallery\/thumbs\/thumbs_09.jpg\"\n                    width=\"130\"\n                    height=\"69\"\n                    style=\"max-width:100%;\"\n                \/>\n            <\/a>\n        <\/div>\n\t\t\t\t\t\t\t<\/div> \n\t\t\t\n\t\t\t\t<div id=\"ngg-image-1\" class=\"ngg-gallery-thumbnail-box \" >\n\t\t\t\t        <div class=\"ngg-gallery-thumbnail\">\n            <a href=\"https:\/\/www.galaxyhotel.com.gr\/wp-content\/gallery\/family-gallery\/51.jpg\"\n               title=\"\"\n               data-src=\"https:\/\/www.galaxyhotel.com.gr\/wp-content\/gallery\/family-gallery\/51.jpg\"\n               data-thumbnail=\"https:\/\/www.galaxyhotel.com.gr\/wp-content\/gallery\/family-gallery\/thumbs\/thumbs_51.jpg\"\n               data-image-id=\"15\"\n               data-title=\"Family room - Bedroom\"\n               data-description=\"\"\n               data-image-slug=\"family-room-bedroom\"\n               class=\"ngg-simplelightbox\" rel=\"8591178f1485bdb0fecd32101ce9e302\">\n                <img\n                    title=\"Family room - Bedroom\"\n                    alt=\"Family room - Bedroom\"\n                    src=\"https:\/\/www.galaxyhotel.com.gr\/wp-content\/gallery\/family-gallery\/thumbs\/thumbs_51.jpg\"\n                    width=\"130\"\n                    height=\"69\"\n                    style=\"max-width:100%;\"\n                \/>\n            <\/a>\n        <\/div>\n\t\t\t\t\t\t\t<\/div> \n\t\t\t\n\t\t\t\t<div id=\"ngg-image-2\" class=\"ngg-gallery-thumbnail-box \" >\n\t\t\t\t        <div class=\"ngg-gallery-thumbnail\">\n            <a href=\"https:\/\/www.galaxyhotel.com.gr\/wp-content\/gallery\/family-gallery\/50.jpg\"\n               title=\"\"\n               data-src=\"https:\/\/www.galaxyhotel.com.gr\/wp-content\/gallery\/family-gallery\/50.jpg\"\n               data-thumbnail=\"https:\/\/www.galaxyhotel.com.gr\/wp-content\/gallery\/family-gallery\/thumbs\/thumbs_50.jpg\"\n               data-image-id=\"14\"\n               data-title=\"Family room - Bathroom amenities\"\n               data-description=\"\"\n               data-image-slug=\"family-room-bathroom-amenities-2\"\n               class=\"ngg-simplelightbox\" rel=\"8591178f1485bdb0fecd32101ce9e302\">\n                <img\n                    title=\"Family room - Bathroom amenities\"\n                    alt=\"Family room - Bathroom amenities\"\n                    src=\"https:\/\/www.galaxyhotel.com.gr\/wp-content\/gallery\/family-gallery\/thumbs\/thumbs_50.jpg\"\n                    width=\"130\"\n                    height=\"69\"\n                    style=\"max-width:100%;\"\n                \/>\n            <\/a>\n        <\/div>\n\t\t\t\t\t\t\t<\/div> \n\t\t\t\n\t\n\t<br style=\"clear: both\" \/>\n\n\t\n\t\t<!-- Pagination -->\n\t<div class='ngg-clear'><\/div>\t<\/div>\n<\/p>","protected":false},"excerpt":{"rendered":"<p>Zimmer \u00bb Familienzimmer Das Galaxy City Center Hotel steht in einer Stadt, die nicht nur von Berufst\u00e4tigen bereist wird, sondern in der auch Familien gern Urlaub machen. Hier finden Sie eine perfekte Unterkunft. Sechs Familienzimmer mit einer Gr\u00f6\u00dfe von jeweils 40 Quadratmetern, die aus zwei separaten Schlafzimmern, jedes davon mit eigenem Badezimmer ausgestattet, bestehen, erm\u00f6glichen [&hellip;]<\/p>\n","protected":false},"author":1,"featured_media":0,"parent":6,"menu_order":0,"comment_status":"open","ping_status":"open","template":"","meta":{"ngg_post_thumbnail":0},"aioseo_notices":[],"_links":{"self":[{"href":"https:\/\/www.galaxyhotel.com.gr\/de\/wp-json\/wp\/v2\/pages\/28"}],"collection":[{"href":"https:\/\/www.galaxyhotel.com.gr\/de\/wp-json\/wp\/v2\/pages"}],"about":[{"href":"https:\/\/www.galaxyhotel.com.gr\/de\/wp-json\/wp\/v2\/types\/page"}],"author":[{"embeddable":true,"href":"https:\/\/www.galaxyhotel.com.gr\/de\/wp-json\/wp\/v2\/users\/1"}],"replies":[{"embeddable":true,"href":"https:\/\/www.galaxyhotel.com.gr\/de\/wp-json\/wp\/v2\/comments?post=28"}],"version-history":[{"count":0,"href":"https:\/\/www.galaxyhotel.com.gr\/de\/wp-json\/wp\/v2\/pages\/28\/revisions"}],"up":[{"embeddable":true,"href":"https:\/\/www.galaxyhotel.com.gr\/de\/wp-json\/wp\/v2\/pages\/6"}],"wp:attachment":[{"href":"https:\/\/www.galaxyhotel.com.gr\/de\/wp-json\/wp\/v2\/media?parent=28"}],"curies":[{"name":"wp","href":"https:\/\/api.w.org\/{rel}","templated":true}]}}