{"id":27,"date":"2011-02-03T14:21:46","date_gmt":"2011-02-03T12:21:46","guid":{"rendered":"https:\/\/www.galaxyhotel.com.gr\/"},"modified":"2011-03-03T15:08:44","modified_gmt":"2011-03-03T13:08:44","slug":"standard","status":"publish","type":"page","link":"https:\/\/www.galaxyhotel.com.gr\/de\/rooms\/standard\/","title":{"rendered":"Standard Room"},"content":{"rendered":"<p><span class=\"main-title\"><a href=\"https:\/\/www.galaxyhotel.com.gr\/de\/rooms\/\">Zimmer<\/a> \u00bb <em>Standardzimmer<\/em><\/span><br \/>\nObwohl es Standardzimmer sind, mangelt es ihnen nicht an Luxus oder Komfort.<br \/>\nEs gibt 40 voll ausgestattete Zimmer mit einer Gr\u00f6\u00dfe von jeweils 20 Quadratmetern, die elegant und sehr geschmackvoll in Braun und Orange dekoriert sind, und so f\u00fcr jeden Gast eine famili\u00e4re und behagliche Atmosph\u00e4re schaffen.<br \/>\nDer gestreifte, hypoallergene Teppich verleiht dem Raum Tiefe, und f\u00fcr alle, die eine romantischere Ader haben, erzeugt das ged\u00e4mmte Licht die passende Stimmung.<br \/>\nDie Badezimmer sind minimal und funktional gehalten, mit modernen Materialien. Die meisten haben eine Badewanne, ansonsten ist eine Dusche vorhanden.<br \/>\nAlle Zimmer verf\u00fcgen \u00fcber:<\/p>\n<ul>\n<li>23-Zoll-Flachbildschirmfernseher<\/li>\n<li>Toilette und Dusche<\/li>\n<li>WLAN-Netzwerk<\/li>\n<li>Minibar<\/li>\n<li>Elektronischen Safe<\/li>\n<li>Klimaanlage<\/li>\n<\/ul>\n<p><span class=\"main-title-inner\">Fotos<\/span><br \/>\n<!-- default-view.php -->\n<div\n\tclass=\"ngg-galleryoverview default-view  ngg-ajax-pagination-none\"\n\tid=\"ngg-gallery-d9142a17c86cc0fea32bf0b4e757d343-1\">\n\n\t\t<!-- Thumbnails -->\n\t\t\t\t<div id=\"ngg-image-0\" class=\"ngg-gallery-thumbnail-box \" >\n\t\t\t\t        <div class=\"ngg-gallery-thumbnail\">\n            <a href=\"https:\/\/www.galaxyhotel.com.gr\/wp-content\/gallery\/standard-gallery\/07.jpg\"\n               title=\"\"\n               data-src=\"https:\/\/www.galaxyhotel.com.gr\/wp-content\/gallery\/standard-gallery\/07.jpg\"\n               data-thumbnail=\"https:\/\/www.galaxyhotel.com.gr\/wp-content\/gallery\/standard-gallery\/thumbs\/thumbs_07.jpg\"\n               data-image-id=\"8\"\n               data-title=\"Standard room - Bedroom\"\n               data-description=\"\"\n               data-image-slug=\"standard-room-bedroom-4\"\n               class=\"ngg-simplelightbox\" rel=\"d9142a17c86cc0fea32bf0b4e757d343\">\n                <img\n                    title=\"Standard room - Bedroom\"\n                    alt=\"Standard room - Bedroom\"\n                    src=\"https:\/\/www.galaxyhotel.com.gr\/wp-content\/gallery\/standard-gallery\/thumbs\/thumbs_07.jpg\"\n                    width=\"130\"\n                    height=\"69\"\n                    style=\"max-width:100%;\"\n                \/>\n            <\/a>\n        <\/div>\n\t\t\t\t\t\t\t<\/div> \n\t\t\t\n\t\t\t\t<div id=\"ngg-image-1\" class=\"ngg-gallery-thumbnail-box \" >\n\t\t\t\t        <div class=\"ngg-gallery-thumbnail\">\n            <a href=\"https:\/\/www.galaxyhotel.com.gr\/wp-content\/gallery\/standard-gallery\/49.jpg\"\n               title=\"\"\n               data-src=\"https:\/\/www.galaxyhotel.com.gr\/wp-content\/gallery\/standard-gallery\/49.jpg\"\n               data-thumbnail=\"https:\/\/www.galaxyhotel.com.gr\/wp-content\/gallery\/standard-gallery\/thumbs\/thumbs_49.jpg\"\n               data-image-id=\"10\"\n               data-title=\"Standard room - Bedroom\"\n               data-description=\"\"\n               data-image-slug=\"standard-room-bedroom\"\n               class=\"ngg-simplelightbox\" rel=\"d9142a17c86cc0fea32bf0b4e757d343\">\n                <img\n                    title=\"Standard room - Bedroom\"\n                    alt=\"Standard room - Bedroom\"\n                    src=\"https:\/\/www.galaxyhotel.com.gr\/wp-content\/gallery\/standard-gallery\/thumbs\/thumbs_49.jpg\"\n                    width=\"130\"\n                    height=\"69\"\n                    style=\"max-width:100%;\"\n                \/>\n            <\/a>\n        <\/div>\n\t\t\t\t\t\t\t<\/div> \n\t\t\t\n\t\t\t\t<div id=\"ngg-image-2\" class=\"ngg-gallery-thumbnail-box \" >\n\t\t\t\t        <div class=\"ngg-gallery-thumbnail\">\n            <a href=\"https:\/\/www.galaxyhotel.com.gr\/wp-content\/gallery\/standard-gallery\/05.jpg\"\n               title=\"\"\n               data-src=\"https:\/\/www.galaxyhotel.com.gr\/wp-content\/gallery\/standard-gallery\/05.jpg\"\n               data-thumbnail=\"https:\/\/www.galaxyhotel.com.gr\/wp-content\/gallery\/standard-gallery\/thumbs\/thumbs_05.jpg\"\n               data-image-id=\"7\"\n               data-title=\"Standard room - Bedroom\"\n               data-description=\"\"\n               data-image-slug=\"standard-room-bedroom-2\"\n               class=\"ngg-simplelightbox\" rel=\"d9142a17c86cc0fea32bf0b4e757d343\">\n                <img\n                    title=\"Standard room - Bedroom\"\n                    alt=\"Standard room - Bedroom\"\n                    src=\"https:\/\/www.galaxyhotel.com.gr\/wp-content\/gallery\/standard-gallery\/thumbs\/thumbs_05.jpg\"\n                    width=\"130\"\n                    height=\"69\"\n                    style=\"max-width:100%;\"\n                \/>\n            <\/a>\n        <\/div>\n\t\t\t\t\t\t\t<\/div> \n\t\t\t\n\t\t\t\t<div id=\"ngg-image-3\" class=\"ngg-gallery-thumbnail-box \" >\n\t\t\t\t        <div class=\"ngg-gallery-thumbnail\">\n            <a href=\"https:\/\/www.galaxyhotel.com.gr\/wp-content\/gallery\/standard-gallery\/27.jpg\"\n               title=\"\"\n               data-src=\"https:\/\/www.galaxyhotel.com.gr\/wp-content\/gallery\/standard-gallery\/27.jpg\"\n               data-thumbnail=\"https:\/\/www.galaxyhotel.com.gr\/wp-content\/gallery\/standard-gallery\/thumbs\/thumbs_27.jpg\"\n               data-image-id=\"9\"\n               data-title=\"Standard room - Bathroom\"\n               data-description=\"\"\n               data-image-slug=\"standard-room-bathroom-3\"\n               class=\"ngg-simplelightbox\" rel=\"d9142a17c86cc0fea32bf0b4e757d343\">\n                <img\n                    title=\"Standard room - Bathroom\"\n                    alt=\"Standard room - Bathroom\"\n                    src=\"https:\/\/www.galaxyhotel.com.gr\/wp-content\/gallery\/standard-gallery\/thumbs\/thumbs_27.jpg\"\n                    width=\"130\"\n                    height=\"69\"\n                    style=\"max-width:100%;\"\n                \/>\n            <\/a>\n        <\/div>\n\t\t\t\t\t\t\t<\/div> \n\t\t\t\n\t\t\t\t<div id=\"ngg-image-4\" class=\"ngg-gallery-thumbnail-box \" >\n\t\t\t\t        <div class=\"ngg-gallery-thumbnail\">\n            <a href=\"https:\/\/www.galaxyhotel.com.gr\/wp-content\/gallery\/standard-gallery\/54.jpg\"\n               title=\"\"\n               data-src=\"https:\/\/www.galaxyhotel.com.gr\/wp-content\/gallery\/standard-gallery\/54.jpg\"\n               data-thumbnail=\"https:\/\/www.galaxyhotel.com.gr\/wp-content\/gallery\/standard-gallery\/thumbs\/thumbs_54.jpg\"\n               data-image-id=\"12\"\n               data-title=\"Standard room - Bathroom\"\n               data-description=\"\"\n               data-image-slug=\"standard-room-bathroom\"\n               class=\"ngg-simplelightbox\" rel=\"d9142a17c86cc0fea32bf0b4e757d343\">\n                <img\n                    title=\"Standard room - Bathroom\"\n                    alt=\"Standard room - Bathroom\"\n                    src=\"https:\/\/www.galaxyhotel.com.gr\/wp-content\/gallery\/standard-gallery\/thumbs\/thumbs_54.jpg\"\n                    width=\"130\"\n                    height=\"69\"\n                    style=\"max-width:100%;\"\n                \/>\n            <\/a>\n        <\/div>\n\t\t\t\t\t\t\t<\/div> \n\t\t\t\n\t\t\t\t<div id=\"ngg-image-5\" class=\"ngg-gallery-thumbnail-box \" >\n\t\t\t\t        <div class=\"ngg-gallery-thumbnail\">\n            <a href=\"https:\/\/www.galaxyhotel.com.gr\/wp-content\/gallery\/standard-gallery\/50.jpg\"\n               title=\"\"\n               data-src=\"https:\/\/www.galaxyhotel.com.gr\/wp-content\/gallery\/standard-gallery\/50.jpg\"\n               data-thumbnail=\"https:\/\/www.galaxyhotel.com.gr\/wp-content\/gallery\/standard-gallery\/thumbs\/thumbs_50.jpg\"\n               data-image-id=\"11\"\n               data-title=\"Standard room - Bathroom amenities\"\n               data-description=\"\"\n               data-image-slug=\"standard-room-bathroom-amenities-2\"\n               class=\"ngg-simplelightbox\" rel=\"d9142a17c86cc0fea32bf0b4e757d343\">\n                <img\n                    title=\"Standard room - Bathroom amenities\"\n                    alt=\"Standard room - Bathroom amenities\"\n                    src=\"https:\/\/www.galaxyhotel.com.gr\/wp-content\/gallery\/standard-gallery\/thumbs\/thumbs_50.jpg\"\n                    width=\"130\"\n                    height=\"69\"\n                    style=\"max-width:100%;\"\n                \/>\n            <\/a>\n        <\/div>\n\t\t\t\t\t\t\t<\/div> \n\t\t\t\n\t\n\t<br style=\"clear: both\" \/>\n\n\t\n\t\t<!-- Pagination -->\n\t<div class='ngg-clear'><\/div>\t<\/div>\n<\/p>","protected":false},"excerpt":{"rendered":"<p>Zimmer \u00bb Standardzimmer Obwohl es Standardzimmer sind, mangelt es ihnen nicht an Luxus oder Komfort. Es gibt 40 voll ausgestattete Zimmer mit einer Gr\u00f6\u00dfe von jeweils 20 Quadratmetern, die elegant und sehr geschmackvoll in Braun und Orange dekoriert sind, und so f\u00fcr jeden Gast eine famili\u00e4re und behagliche Atmosph\u00e4re schaffen. Der gestreifte, hypoallergene Teppich verleiht [&hellip;]<\/p>\n","protected":false},"author":1,"featured_media":0,"parent":6,"menu_order":0,"comment_status":"open","ping_status":"open","template":"","meta":{"ngg_post_thumbnail":0},"aioseo_notices":[],"_links":{"self":[{"href":"https:\/\/www.galaxyhotel.com.gr\/de\/wp-json\/wp\/v2\/pages\/27"}],"collection":[{"href":"https:\/\/www.galaxyhotel.com.gr\/de\/wp-json\/wp\/v2\/pages"}],"about":[{"href":"https:\/\/www.galaxyhotel.com.gr\/de\/wp-json\/wp\/v2\/types\/page"}],"author":[{"embeddable":true,"href":"https:\/\/www.galaxyhotel.com.gr\/de\/wp-json\/wp\/v2\/users\/1"}],"replies":[{"embeddable":true,"href":"https:\/\/www.galaxyhotel.com.gr\/de\/wp-json\/wp\/v2\/comments?post=27"}],"version-history":[{"count":0,"href":"https:\/\/www.galaxyhotel.com.gr\/de\/wp-json\/wp\/v2\/pages\/27\/revisions"}],"up":[{"embeddable":true,"href":"https:\/\/www.galaxyhotel.com.gr\/de\/wp-json\/wp\/v2\/pages\/6"}],"wp:attachment":[{"href":"https:\/\/www.galaxyhotel.com.gr\/de\/wp-json\/wp\/v2\/media?parent=27"}],"curies":[{"name":"wp","href":"https:\/\/api.w.org\/{rel}","templated":true}]}}