{"id":26,"date":"2011-02-03T14:21:15","date_gmt":"2011-02-03T12:21:15","guid":{"rendered":"https:\/\/www.galaxyhotel.com.gr\/"},"modified":"2011-03-03T15:08:38","modified_gmt":"2011-03-03T13:08:38","slug":"single","status":"publish","type":"page","link":"https:\/\/www.galaxyhotel.com.gr\/de\/rooms\/single\/","title":{"rendered":"Einzelzimmer"},"content":{"rendered":"<p><span class=\"main-title\"><a href=\"https:\/\/www.galaxyhotel.com.gr\/de\/rooms\/\">Zimmer<\/a> \u00bb <em>Einzelzimmer<\/em><\/span><br \/>\nDie acht Einzelzimmer gehen zur R\u00fcckseite des Hotels hinaus. Sie sind kleiner, doch die \u00c4sthetik ist ebenso anspruchsvoll wie im Rest des Hotels und diese Zimmer bieten tadellose Gastfreundschaft und alles, das sich ein Gesch\u00e4ftsreisender w\u00fcnscht.<\/p>\n<p>Die Einzelzimmer verf\u00fcgen \u00fcber:<\/p>\n<ul>\n<li>23-Zoll-Flachbildschirmfernseher<\/li>\n<li>Toilette und Dusche<\/li>\n<li>WLAN-Netzwerk<\/li>\n<li>Minibar<\/li>\n<li>Elektronischen Safe<\/li>\n<li>Klimaanlage<\/li>\n<\/ul>\n<p><span class=\"main-title-inner\">Fotos<\/span><br \/>\n<!-- default-view.php -->\n<div\n\tclass=\"ngg-galleryoverview default-view  ngg-ajax-pagination-none\"\n\tid=\"ngg-gallery-f5ab1d3684767dfc695026dab3207a43-1\">\n\n\t\t<!-- Thumbnails -->\n\t\t\t\t<div id=\"ngg-image-0\" class=\"ngg-gallery-thumbnail-box \" >\n\t\t\t\t        <div class=\"ngg-gallery-thumbnail\">\n            <a href=\"https:\/\/www.galaxyhotel.com.gr\/wp-content\/gallery\/single\/15.jpg\"\n               title=\"\"\n               data-src=\"https:\/\/www.galaxyhotel.com.gr\/wp-content\/gallery\/single\/15.jpg\"\n               data-thumbnail=\"https:\/\/www.galaxyhotel.com.gr\/wp-content\/gallery\/single\/thumbs\/thumbs_15.jpg\"\n               data-image-id=\"2\"\n               data-title=\"Single room - Bedroom\"\n               data-description=\"\"\n               data-image-slug=\"single-room-bedroom\"\n               class=\"ngg-simplelightbox\" rel=\"f5ab1d3684767dfc695026dab3207a43\">\n                <img\n                    title=\"Single room - Bedroom\"\n                    alt=\"Single room - Bedroom\"\n                    src=\"https:\/\/www.galaxyhotel.com.gr\/wp-content\/gallery\/single\/thumbs\/thumbs_15.jpg\"\n                    width=\"130\"\n                    height=\"69\"\n                    style=\"max-width:100%;\"\n                \/>\n            <\/a>\n        <\/div>\n\t\t\t\t\t\t\t<\/div> \n\t\t\t\n\t\t\t\t<div id=\"ngg-image-1\" class=\"ngg-gallery-thumbnail-box \" >\n\t\t\t\t        <div class=\"ngg-gallery-thumbnail\">\n            <a href=\"https:\/\/www.galaxyhotel.com.gr\/wp-content\/gallery\/single\/06.jpg\"\n               title=\"\"\n               data-src=\"https:\/\/www.galaxyhotel.com.gr\/wp-content\/gallery\/single\/06.jpg\"\n               data-thumbnail=\"https:\/\/www.galaxyhotel.com.gr\/wp-content\/gallery\/single\/thumbs\/thumbs_06.jpg\"\n               data-image-id=\"1\"\n               data-title=\"Single room - Bedroom\"\n               data-description=\"\"\n               data-image-slug=\"single-room-bedroom-2\"\n               class=\"ngg-simplelightbox\" rel=\"f5ab1d3684767dfc695026dab3207a43\">\n                <img\n                    title=\"Single room - Bedroom\"\n                    alt=\"Single room - Bedroom\"\n                    src=\"https:\/\/www.galaxyhotel.com.gr\/wp-content\/gallery\/single\/thumbs\/thumbs_06.jpg\"\n                    width=\"130\"\n                    height=\"69\"\n                    style=\"max-width:100%;\"\n                \/>\n            <\/a>\n        <\/div>\n\t\t\t\t\t\t\t<\/div> \n\t\t\t\n\t\t\t\t<div id=\"ngg-image-2\" class=\"ngg-gallery-thumbnail-box \" >\n\t\t\t\t        <div class=\"ngg-gallery-thumbnail\">\n            <a href=\"https:\/\/www.galaxyhotel.com.gr\/wp-content\/gallery\/single\/45.jpg\"\n               title=\"\"\n               data-src=\"https:\/\/www.galaxyhotel.com.gr\/wp-content\/gallery\/single\/45.jpg\"\n               data-thumbnail=\"https:\/\/www.galaxyhotel.com.gr\/wp-content\/gallery\/single\/thumbs\/thumbs_45.jpg\"\n               data-image-id=\"3\"\n               data-title=\"Single room - Bathroom\"\n               data-description=\"\"\n               data-image-slug=\"single-room-bathroom\"\n               class=\"ngg-simplelightbox\" rel=\"f5ab1d3684767dfc695026dab3207a43\">\n                <img\n                    title=\"Single room - Bathroom\"\n                    alt=\"Single room - Bathroom\"\n                    src=\"https:\/\/www.galaxyhotel.com.gr\/wp-content\/gallery\/single\/thumbs\/thumbs_45.jpg\"\n                    width=\"130\"\n                    height=\"69\"\n                    style=\"max-width:100%;\"\n                \/>\n            <\/a>\n        <\/div>\n\t\t\t\t\t\t\t<\/div> \n\t\t\t\n\t\n\t<br style=\"clear: both\" \/>\n\n\t\n\t\t<!-- Pagination -->\n\t<div class='ngg-clear'><\/div>\t<\/div>\n<br \/>\n<\/p>","protected":false},"excerpt":{"rendered":"<p>Zimmer \u00bb Einzelzimmer Die acht Einzelzimmer gehen zur R\u00fcckseite des Hotels hinaus. Sie sind kleiner, doch die \u00c4sthetik ist ebenso anspruchsvoll wie im Rest des Hotels und diese Zimmer bieten tadellose Gastfreundschaft und alles, das sich ein Gesch\u00e4ftsreisender w\u00fcnscht. Die Einzelzimmer verf\u00fcgen \u00fcber: 23-Zoll-Flachbildschirmfernseher Toilette und Dusche WLAN-Netzwerk Minibar Elektronischen Safe Klimaanlage Fotos<\/p>\n","protected":false},"author":1,"featured_media":0,"parent":6,"menu_order":0,"comment_status":"open","ping_status":"open","template":"","meta":{"ngg_post_thumbnail":0},"aioseo_notices":[],"_links":{"self":[{"href":"https:\/\/www.galaxyhotel.com.gr\/de\/wp-json\/wp\/v2\/pages\/26"}],"collection":[{"href":"https:\/\/www.galaxyhotel.com.gr\/de\/wp-json\/wp\/v2\/pages"}],"about":[{"href":"https:\/\/www.galaxyhotel.com.gr\/de\/wp-json\/wp\/v2\/types\/page"}],"author":[{"embeddable":true,"href":"https:\/\/www.galaxyhotel.com.gr\/de\/wp-json\/wp\/v2\/users\/1"}],"replies":[{"embeddable":true,"href":"https:\/\/www.galaxyhotel.com.gr\/de\/wp-json\/wp\/v2\/comments?post=26"}],"version-history":[{"count":0,"href":"https:\/\/www.galaxyhotel.com.gr\/de\/wp-json\/wp\/v2\/pages\/26\/revisions"}],"up":[{"embeddable":true,"href":"https:\/\/www.galaxyhotel.com.gr\/de\/wp-json\/wp\/v2\/pages\/6"}],"wp:attachment":[{"href":"https:\/\/www.galaxyhotel.com.gr\/de\/wp-json\/wp\/v2\/media?parent=26"}],"curies":[{"name":"wp","href":"https:\/\/api.w.org\/{rel}","templated":true}]}}