{"id":2,"date":"2011-01-21T11:54:36","date_gmt":"2011-01-21T11:54:36","guid":{"rendered":"https:\/\/www.galaxyhotel.com.gr\/?page_id=2"},"modified":"2022-09-02T12:06:09","modified_gmt":"2022-09-02T09:06:09","slug":"home","status":"publish","type":"page","link":"https:\/\/www.galaxyhotel.com.gr\/de\/","title":{"rendered":"Startseite"},"content":{"rendered":"<p>Willkommen in einem hotel, das die Gastfreundschaft in der Stadt ganz neu definiert.<\/p>\n<p>Das <strong>Galaxy Center Hotel<\/strong>, in <strong>Patras<\/strong> in der 9, Ag. Nikolaou Street ist vollst\u00e4ndig renoviert, auch wenn es eine lange Geschichte \u201everbirgt\u201c seit es 1970 er\u00f6ffnet wurde. Es wurde schon bald zum Treffpunkt f\u00fcr die High Society der Stadt und zum \u00dcbernachtungsort der Wahl f\u00fcr bekannte Pers\u00f6nlichkeiten.<\/p>\n<p>Heute, vier Jahrzehnte sp\u00e4ter, wurde das hotel von Generation zu Generation weiter vergeben und  vollst\u00e4ndig renoviert, um die Anforderungen des modernen Reisenden zu erf\u00fcllen.<\/p>","protected":false},"excerpt":{"rendered":"<p>Willkommen in einem hotel, das die Gastfreundschaft in der Stadt ganz neu definiert. Das Galaxy Center Hotel, in Patras in der 9, Ag. Nikolaou Street ist vollst\u00e4ndig renoviert, auch wenn es eine lange Geschichte \u201everbirgt\u201c seit es 1970 er\u00f6ffnet wurde. Es wurde schon bald zum Treffpunkt f\u00fcr die High Society der Stadt und zum \u00dcbernachtungsort [&hellip;]<\/p>\n","protected":false},"author":1,"featured_media":0,"parent":0,"menu_order":0,"comment_status":"open","ping_status":"open","template":"","meta":{"ngg_post_thumbnail":0},"aioseo_notices":[],"_links":{"self":[{"href":"https:\/\/www.galaxyhotel.com.gr\/de\/wp-json\/wp\/v2\/pages\/2"}],"collection":[{"href":"https:\/\/www.galaxyhotel.com.gr\/de\/wp-json\/wp\/v2\/pages"}],"about":[{"href":"https:\/\/www.galaxyhotel.com.gr\/de\/wp-json\/wp\/v2\/types\/page"}],"author":[{"embeddable":true,"href":"https:\/\/www.galaxyhotel.com.gr\/de\/wp-json\/wp\/v2\/users\/1"}],"replies":[{"embeddable":true,"href":"https:\/\/www.galaxyhotel.com.gr\/de\/wp-json\/wp\/v2\/comments?post=2"}],"version-history":[{"count":0,"href":"https:\/\/www.galaxyhotel.com.gr\/de\/wp-json\/wp\/v2\/pages\/2\/revisions"}],"wp:attachment":[{"href":"https:\/\/www.galaxyhotel.com.gr\/de\/wp-json\/wp\/v2\/media?parent=2"}],"curies":[{"name":"wp","href":"https:\/\/api.w.org\/{rel}","templated":true}]}}