{"id":117,"date":"2022-09-02T13:54:57","date_gmt":"2022-09-02T10:54:57","guid":{"rendered":"https:\/\/www.galaxyhotel.com.gr\/?page_id=117"},"modified":"2022-09-02T15:09:37","modified_gmt":"2022-09-02T12:09:37","slug":"cookie-policy","status":"publish","type":"page","link":"https:\/\/www.galaxyhotel.com.gr\/de\/cookie-policy\/","title":{"rendered":"Cookie Policy"},"content":{"rendered":"<p><\/p>\n<div class=\"cli_pg_page_contaner\">\n<h3>\u00dcber diese Cookie-Richtlinie<\/h3>\n<p>Diese Cookie-Richtlinie erkl\u00e4rt, was Cookies sind und wie wir sie verwenden. Sie sollten diese Richtlinie lesen, um zu verstehen, was Cookies sind, wie wir sie verwenden, welche Arten von Cookies wir verwenden, d.h. welche Informationen wir mithilfe von Cookies sammeln und wie diese Informationen verwendet werden und wie die Cookie-Pr\u00e4ferenzen gesteuert werden k\u00f6nnen.<\/p>\n<p>Sie k\u00f6nnen Ihre Zustimmung zur Cookie-Erkl\u00e4rung auf unserer Website jederzeit \u00e4ndern oder zur\u00fcckziehen.<br \/>\nIhre Zustimmung gilt f\u00fcr die folgenden Bereiche: galaxyhotel.com.gr<\/p>\n<p><strong><div class=\"wt-cli-element cli_user_consent_state\"><\/div><\/strong><\/p>\n<h3>Was sind Cookies?<\/h3>\n<p>Cookies sind kleine Textdateien, die dazu verwendet werden, kleine Informationen zu speichern. Die Cookies werden auf Ihrem Ger\u00e4t gespeichert, wenn die Website auf Ihren Browser geladen wird. Diese Cookies helfen uns dabei, die Website ordnungsgem\u00e4\u00df zu betreiben, die Website sicherer zu machen, eine bessere Benutzererfahrung zu bieten und zu verstehen, wie die Website funktioniert und zu analysieren, was funktioniert und wo sie verbessert werden muss.<\/p>\n<h3>Wie verwenden wir Cookies?<\/h3>\n<p>Wie die meisten Online-Dienste verwendet auch unsere Website Cookies von Erstanbietern und Drittanbietern f\u00fcr eine Reihe von Zwecken. Die First-Party-Cookies sind meistens notwendig, damit die Website richtig funktioniert, und sie erfassen keine Ihrer pers\u00f6nlichen Daten. Die Drittanbieter-Cookies, die auf unseren Websites verwendet werden, werden haupts\u00e4chlich verwendet, um zu verstehen, wie die Website funktioniert, wie Sie mit unserer Website interagieren, um unsere Dienste sicher zu halten, um Werbung zu liefern, die f\u00fcr Sie relevant ist, und alles in allem, um Ihnen eine bessere und verbesserte Benutzererfahrung zu bieten und um Ihre zuk\u00fcnftigen Interaktionen mit unserer Website zu beschleunigen.<\/p>\n<h3>Welche Arten von Cookies verwenden wir?<\/h3>\n<p>Die auf unserer Website verwendeten Cookies sind in die folgenden Kategorien eingeteilt.<\/p>\n<div class=\"wt-cli-element cli_cookie_category_single\"><div class=\"cli_cookie_category_single\"><h5 class=\"cli_cookie_category_single_hd\">Notwendige<\/h5><div class=\"cli_cookie_category_single_description\"><p>Notwendige Cookies sind f\u00fcr das einwandfreie Funktionieren der Website absolut notwendig. Diese Kategorie umfasst nur Cookies, die grundlegende Funktionalit\u00e4ten und Sicherheitsmerkmale der Website gew\u00e4hrleisten. Diese Cookies speichern keine pers\u00f6nlichen Informationen.<\/p><\/div><\/div><div class=\"cli_cookie_category_single\"><h5 class=\"cli_cookie_category_single_hd\">Analytics<\/h5><div class=\"cli_cookie_category_single_description\"><p>Analytische Cookies werden verwendet, um zu verstehen, wie Besucher mit der Website interagieren. Diese Cookies helfen dabei, Informationen \u00fcber Metriken wie Besucherzahl, Absprungrate, Verkehrsquelle usw. zu liefern.<\/p><\/div><\/div><\/div>\n<h3>Auf unserer Website verwendete Cookies<\/h3>\n<table class=\"wt-cli-element cookielawinfo-classic cookielawinfo-row-cat-table\"><thead><tr><th scope=\"col\" class=\"cookielawinfo-column-1\">Cookie<\/th><th scope=\"col\" class=\"cookielawinfo-column-4\">Beschreibung<\/th><\/thead><tbody><tr class=\"cookielawinfo-row-cat-title\"><th colspan=\"2\" class=\"cookielawinfo-row-cat-title-head\">Notwendige<\/th><\/tr><tr class=\"cookielawinfo-row\"><td class=\"cookielawinfo-column-1\">CookieLawInfoConsent<\/td><td class=\"cookielawinfo-column-4\">Zeichnet den Standardschaltfl\u00e4chenstatus der entsprechenden Kategorie und den Status von CCPA auf. Es funktioniert nur in Abstimmung mit dem prim\u00e4ren Cookie.<\/td><\/tr><tr class=\"cookielawinfo-row\"><td class=\"cookielawinfo-column-1\">cookielawinfo-checkbox-necessary<\/td><td class=\"cookielawinfo-column-4\">Das Cookie wird durch die Cookie-Einwilligung gesetzt, um die Benutzereinwilligung f\u00fcr die Cookies in der Kategorie \"Notwendige\" aufzuzeichnen.<\/td><\/tr><tr class=\"cookielawinfo-row\"><td class=\"cookielawinfo-column-1\">cookielawinfo-checkbox-performance<\/td><td class=\"cookielawinfo-column-4\">Das Cookie wird durch die Cookie-Einwilligung gesetzt, um die Benutzereinwilligung f\u00fcr die Cookies in der Kategorie \"Performance\" aufzuzeichnen.<\/td><\/tr><tr class=\"cookielawinfo-row\"><td class=\"cookielawinfo-column-1\">_GRECAPTCHA<\/td><td class=\"cookielawinfo-column-4\">Dieses Cookie wird von Google gesetzt. Neben bestimmten Standard-Cookies von Google setzt reCAPTCHA bei Ausf\u00fchrung ein notwendiges Cookie (_GRECAPTCHA) zum Zweck der Risikoanalyse.<\/td><\/tr><tr class=\"cookielawinfo-row\"><td class=\"cookielawinfo-column-1\">viewed_cookie_policy<\/td><td class=\"cookielawinfo-column-4\">Das Cookie und dient dazu, zu speichern, ob der Benutzer der Verwendung von Cookies zugestimmt hat oder nicht. Es speichert keine pers\u00f6nlichen Daten.<\/td><\/tr><tr class=\"cookielawinfo-row\"><td class=\"cookielawinfo-column-1\">qtrans_front_language<\/td><td class=\"cookielawinfo-column-4\">Dieses Cookie wird verwendet, um die bevorzugte Sprache des Besuchers zu verwalten.<\/td><\/tr><tr class=\"cookielawinfo-row-cat-title\"><th colspan=\"2\" class=\"cookielawinfo-row-cat-title-head\">Analytics<\/th><\/tr><tr class=\"cookielawinfo-row\"><td class=\"cookielawinfo-column-1\">_ga<\/td><td class=\"cookielawinfo-column-4\">Dieses Cookie wird von Google Analytics installiert. Das Cookie wird verwendet, um Besucher-, Sitzungs- und Kampagnendaten zu berechnen und die Nutzung der Website f\u00fcr den Analysebericht der Website zu verfolgen. Die Cookies speichern Informationen anonym und weisen eine zuf\u00e4llig generierte Nummer zu, um eindeutige Besucher zu identifizieren.<\/td><\/tr><tr class=\"cookielawinfo-row\"><td class=\"cookielawinfo-column-1\">_ga_*<\/td><td class=\"cookielawinfo-column-4\">Google Analytics setzt dieses Cookie, um Seitenaufrufe zu speichern und zu z\u00e4hlen.&nbsp;<\/td><\/tr><\/tbody><\/table>\n<h3>Wie kann ich die Cookie-Einstellungen kontrollieren?<\/h3>\n<p>Sie k\u00f6nnen Ihre Cookie-Pr\u00e4ferenzen verwalten, indem Sie auf die Schaltfl\u00e4che \u201eEinstellungen\u201c klicken und die Cookie-Kategorien im Popup-Fenster entsprechend Ihren Pr\u00e4ferenzen aktivieren oder deaktivieren. Sollten Sie sich entscheiden, Ihre Pr\u00e4ferenzen sp\u00e4ter w\u00e4hrend Ihrer Browsing-Sitzung zu \u00e4ndern, k\u00f6nnen Sie auf Ihrem Bildschirm auf die Registerkarte \u201eDatenschutz &amp; Cookie-Richtlinien\u201c klicken. Daraufhin wird die Einverst\u00e4ndniserkl\u00e4rung erneut angezeigt, sodass Sie Ihre Pr\u00e4ferenzen \u00e4ndern oder Ihre Zustimmung vollst\u00e4ndig zur\u00fcckziehen k\u00f6nnen. Dar\u00fcber hinaus bieten verschiedene Browser unterschiedliche Methoden zum Blockieren und L\u00f6schen von Cookies, die von Websites verwendet werden. Sie k\u00f6nnen die Einstellungen Ihres Browsers \u00e4ndern, um die Cookies zu blockieren\/l\u00f6schen. Um mehr dar\u00fcber zu erfahren, wie man Cookies verwaltet und l\u00f6scht, besuchen Sie <a href=\"https:\/\/en.wikipedia.org\/wiki\/HTTP_cookie\" target=\"_blank\" rel=\"nofollow noopener noreferrer\">wikipedia.org<\/a>, <a href=\"http:\/\/www.allaboutcookies.org\/\" target=\"_blank\" rel=\"nofollow noopener noreferrer\">www.allaboutcookies.org.<\/a><\/p>\n<hr>\n<\/div>\n<p><\/p>","protected":false},"excerpt":{"rendered":"<p>\u00dcber diese Cookie-Richtlinie Diese Cookie-Richtlinie erkl\u00e4rt, was Cookies sind und wie wir sie verwenden. Sie sollten diese Richtlinie lesen, um zu verstehen, was Cookies sind, wie wir sie verwenden, welche Arten von Cookies wir verwenden, d.h. welche Informationen wir mithilfe von Cookies sammeln und wie diese Informationen verwendet werden und wie die Cookie-Pr\u00e4ferenzen gesteuert werden [&hellip;]<\/p>\n","protected":false},"author":1,"featured_media":0,"parent":0,"menu_order":0,"comment_status":"closed","ping_status":"closed","template":"page-cookies.php","meta":{"ngg_post_thumbnail":0},"aioseo_notices":[],"_links":{"self":[{"href":"https:\/\/www.galaxyhotel.com.gr\/de\/wp-json\/wp\/v2\/pages\/117"}],"collection":[{"href":"https:\/\/www.galaxyhotel.com.gr\/de\/wp-json\/wp\/v2\/pages"}],"about":[{"href":"https:\/\/www.galaxyhotel.com.gr\/de\/wp-json\/wp\/v2\/types\/page"}],"author":[{"embeddable":true,"href":"https:\/\/www.galaxyhotel.com.gr\/de\/wp-json\/wp\/v2\/users\/1"}],"replies":[{"embeddable":true,"href":"https:\/\/www.galaxyhotel.com.gr\/de\/wp-json\/wp\/v2\/comments?post=117"}],"version-history":[{"count":0,"href":"https:\/\/www.galaxyhotel.com.gr\/de\/wp-json\/wp\/v2\/pages\/117\/revisions"}],"wp:attachment":[{"href":"https:\/\/www.galaxyhotel.com.gr\/de\/wp-json\/wp\/v2\/media?parent=117"}],"curies":[{"name":"wp","href":"https:\/\/api.w.org\/{rel}","templated":true}]}}